{"id":407,"date":"2020-02-26T15:39:51","date_gmt":"2020-02-26T19:39:51","guid":{"rendered":"http:\/\/mycapil.com\/index.php\/politica-de-cookies\/"},"modified":"2021-07-14T11:57:35","modified_gmt":"2021-07-14T15:57:35","slug":"cookie-policy","status":"publish","type":"page","link":"https:\/\/mycapil.com\/en\/cookie-policy\/","title":{"rendered":"Cookies policy"},"content":{"rendered":"<h3><strong>What are cookies?<\/strong><\/h3>\n<p>A cookie is a small file that websites send to the browser and download to your computer. Cookies allow the website to store and retrieve information about your visit, such as your preferred language and other options, in order to improve the services offered and contribute to a better browsing experience for the user.<\/p>\n<h3>Authorization for the use of cookies<\/h3>\n<p>In accordance with the cookie notice that appears on the website, the user accepts that, when browsing it, he expressly consents to the use of cookies according to the description detailed below, without prejudice to the user being able to modify the configuration of your browser to reject the use of cookies.<\/p>\n<h3>Types of cookies<\/h3>\n<p>Depending on who manages the domain from which the cookies are sent and the data is processed, a distinction will be made between own cookies and third-party cookies.<\/p>\n<p>Cookies can also be classified according to the period of time they remain stored in the user&#8217;s browser, distinguishing between session cookies or persistent cookies.<\/p>\n<p>Finally, depending on the purpose for which the information collected is processed, cookies can be classified into the following categories:<\/p>\n<ul>\n<li>Technical cookies: allow the user to browse a website and use some of the services offered by it (such as those that serve to remember the elements of a shopping cart).<br \/>Personalization cookies: they allow the user to access the website with certain characteristics, such as the language. Security cookies: they serve to prevent or hinder attacks against the website.<br \/>Complement cookies to exchange social content: so-called plug-ins, which allow content to be shared on social networks.<br \/>Analysis cookies: allow the person in charge to monitor user behavior. Advertising cookies: they allow you to manage the advertising spaces on the website.<br \/>Behavioral advertising cookies: like the previous ones, they are used to manage the advertising spaces of the website based on the information collected about the user&#8217;s behavior and habits, adapting the advertising to the user&#8217;s profile.<br \/>Geolocation cookies: used to find out the country where the user is.<br \/>How to modify the cookie settings<br \/>You can restrict, block or delete the cookies of CAPIL SOLUTIONS, SL or any other web page using your browser. In each browser the operation is different, you can find how to do it in the help menu of your browser where the procedure for its elimination is established. For more information:<\/li>\n<\/ul>\n<p>Google Chrome:<br \/>https:\/\/support.google.com\/chrome\/answer\/95647?co=GENIE.Platform%3DDesktop&amp;hl=es<\/p>\n<p>Mozilla Firefox:<br \/>https:\/\/support.mozilla.org\/es\/kb\/habilitar-y-deshabilitar-cookies-sitios-web-rastrear-preferencia<\/p>\n<p>Safari:<br \/>https:\/\/support.apple.com\/es-es\/guide\/safari\/sfri11471\/mac<\/p>\n<p>Internet Explorer:<br \/>https:\/\/support.microsoft.com\/es-es\/help\/278835\/how-to-delete-cookie-files-in-internet-explorer<\/p>\n<p>It is possible that by disabling cookies the website may not function correctly or you may not be able to access certain functions of it.<\/p>\n<p>Cookies used on the web<br \/>Different types of cookies are used on the web portal for different purposes, the cookies used are listed below:<\/p>\n<p>Own or third party cookies<br \/>Session and persistent cookies<br \/>Technical \/ personalization \/ analysis \/ advertising cookies<br \/>Modification of the conditions<br \/>CAPIL SOLUTIONS, SL expressly reserves the right to unilaterally modify, totally or partially, without prior notice, this Cookies Policy. The user acknowledges and accepts that it is their responsibility to review this Cookies Policy.<\/p>\n","protected":false},"excerpt":{"rendered":"<p>What are cookies? A cookie is a small file that websites send to the browser and download to your computer. Cookies allow the website to store and retrieve information about your visit, such as your preferred language and other options, in order to improve the services offered and contribute to a better browsing experience for [&hellip;]<\/p>\n","protected":false},"author":2,"featured_media":0,"parent":0,"menu_order":0,"comment_status":"closed","ping_status":"closed","template":"","meta":{"footnotes":""},"class_list":["post-407","page","type-page","status-publish"],"yoast_head":"<!-- This site is optimized with the Yoast SEO plugin v25.9 - https:\/\/yoast.com\/wordpress\/plugins\/seo\/ -->\n<title>Cookies policy - MyCapil \u2714\ufe0f<\/title>\n<meta name=\"description\" content=\"En \u00e9ste art\u00edculo hablaremos de Cookies policy . En la categor\u00eda de . Visita nuestro blog\" \/>\n<meta name=\"robots\" content=\"index, follow, max-snippet:-1, max-image-preview:large, max-video-preview:-1\" \/>\n<link rel=\"canonical\" href=\"https:\/\/mycapil.com\/en\/cookie-policy\/\" \/>\n<meta property=\"og:locale\" content=\"en_US\" \/>\n<meta property=\"og:type\" content=\"article\" \/>\n<meta property=\"og:title\" content=\"Cookies policy - MyCapil \u2714\ufe0f\" \/>\n<meta property=\"og:description\" content=\"En \u00e9ste art\u00edculo hablaremos de Cookies policy . En la categor\u00eda de . Visita nuestro blog\" \/>\n<meta property=\"og:url\" content=\"https:\/\/mycapil.com\/en\/cookie-policy\/\" \/>\n<meta property=\"og:site_name\" content=\"MyCapil\" \/>\n<meta property=\"article:modified_time\" content=\"2021-07-14T15:57:35+00:00\" \/>\n<meta name=\"twitter:card\" content=\"summary_large_image\" \/>\n<meta name=\"twitter:label1\" content=\"Est. reading time\" \/>\n\t<meta name=\"twitter:data1\" content=\"3 minutes\" \/>\n<script type=\"application\/ld+json\" class=\"yoast-schema-graph\">{\"@context\":\"https:\/\/schema.org\",\"@graph\":[{\"@type\":\"WebPage\",\"@id\":\"https:\/\/mycapil.com\/en\/cookie-policy\/\",\"url\":\"https:\/\/mycapil.com\/en\/cookie-policy\/\",\"name\":\"Cookies policy - MyCapil \u2714\ufe0f\",\"isPartOf\":{\"@id\":\"https:\/\/mycapil.com\/en\/#website\"},\"datePublished\":\"2020-02-26T19:39:51+00:00\",\"dateModified\":\"2021-07-14T15:57:35+00:00\",\"description\":\"En \u00e9ste art\u00edculo hablaremos de Cookies policy . En la categor\u00eda de . Visita nuestro blog\",\"breadcrumb\":{\"@id\":\"https:\/\/mycapil.com\/en\/cookie-policy\/#breadcrumb\"},\"inLanguage\":\"en\",\"potentialAction\":[{\"@type\":\"ReadAction\",\"target\":[\"https:\/\/mycapil.com\/en\/cookie-policy\/\"]}]},{\"@type\":\"BreadcrumbList\",\"@id\":\"https:\/\/mycapil.com\/en\/cookie-policy\/#breadcrumb\",\"itemListElement\":[{\"@type\":\"ListItem\",\"position\":1,\"name\":\"Home\",\"item\":\"https:\/\/mycapil.com\/en\/home-2\/\"},{\"@type\":\"ListItem\",\"position\":2,\"name\":\"Cookies policy\"}]},{\"@type\":\"WebSite\",\"@id\":\"https:\/\/mycapil.com\/en\/#website\",\"url\":\"https:\/\/mycapil.com\/en\/\",\"name\":\"MyCapil\",\"description\":\"Alopecia, Hair loss, capillary\",\"publisher\":{\"@id\":\"https:\/\/mycapil.com\/en\/#organization\"},\"potentialAction\":[{\"@type\":\"SearchAction\",\"target\":{\"@type\":\"EntryPoint\",\"urlTemplate\":\"https:\/\/mycapil.com\/en\/?s={search_term_string}\"},\"query-input\":{\"@type\":\"PropertyValueSpecification\",\"valueRequired\":true,\"valueName\":\"search_term_string\"}}],\"inLanguage\":\"en\"},{\"@type\":\"Organization\",\"@id\":\"https:\/\/mycapil.com\/en\/#organization\",\"name\":\"MyCapil\",\"url\":\"https:\/\/mycapil.com\/en\/\",\"logo\":{\"@type\":\"ImageObject\",\"inLanguage\":\"en\",\"@id\":\"https:\/\/mycapil.com\/en\/#\/schema\/logo\/image\/\",\"url\":\"https:\/\/mycapil.com\/wp-content\/uploads\/2020\/02\/Mycapil3.png\",\"contentUrl\":\"https:\/\/mycapil.com\/wp-content\/uploads\/2020\/02\/Mycapil3.png\",\"width\":339,\"height\":113,\"caption\":\"MyCapil\"},\"image\":{\"@id\":\"https:\/\/mycapil.com\/en\/#\/schema\/logo\/image\/\"}}]}<\/script>\n<!-- \/ Yoast SEO plugin. -->","yoast_head_json":{"title":"Cookies policy - MyCapil \u2714\ufe0f","description":"En \u00e9ste art\u00edculo hablaremos de Cookies policy . En la categor\u00eda de . Visita nuestro blog","robots":{"index":"index","follow":"follow","max-snippet":"max-snippet:-1","max-image-preview":"max-image-preview:large","max-video-preview":"max-video-preview:-1"},"canonical":"https:\/\/mycapil.com\/en\/cookie-policy\/","og_locale":"en_US","og_type":"article","og_title":"Cookies policy - MyCapil \u2714\ufe0f","og_description":"En \u00e9ste art\u00edculo hablaremos de Cookies policy . En la categor\u00eda de . Visita nuestro blog","og_url":"https:\/\/mycapil.com\/en\/cookie-policy\/","og_site_name":"MyCapil","article_modified_time":"2021-07-14T15:57:35+00:00","twitter_card":"summary_large_image","twitter_misc":{"Est. reading time":"3 minutes"},"schema":{"@context":"https:\/\/schema.org","@graph":[{"@type":"WebPage","@id":"https:\/\/mycapil.com\/en\/cookie-policy\/","url":"https:\/\/mycapil.com\/en\/cookie-policy\/","name":"Cookies policy - MyCapil \u2714\ufe0f","isPartOf":{"@id":"https:\/\/mycapil.com\/en\/#website"},"datePublished":"2020-02-26T19:39:51+00:00","dateModified":"2021-07-14T15:57:35+00:00","description":"En \u00e9ste art\u00edculo hablaremos de Cookies policy . En la categor\u00eda de . Visita nuestro blog","breadcrumb":{"@id":"https:\/\/mycapil.com\/en\/cookie-policy\/#breadcrumb"},"inLanguage":"en","potentialAction":[{"@type":"ReadAction","target":["https:\/\/mycapil.com\/en\/cookie-policy\/"]}]},{"@type":"BreadcrumbList","@id":"https:\/\/mycapil.com\/en\/cookie-policy\/#breadcrumb","itemListElement":[{"@type":"ListItem","position":1,"name":"Home","item":"https:\/\/mycapil.com\/en\/home-2\/"},{"@type":"ListItem","position":2,"name":"Cookies policy"}]},{"@type":"WebSite","@id":"https:\/\/mycapil.com\/en\/#website","url":"https:\/\/mycapil.com\/en\/","name":"MyCapil","description":"Alopecia, Hair loss, capillary","publisher":{"@id":"https:\/\/mycapil.com\/en\/#organization"},"potentialAction":[{"@type":"SearchAction","target":{"@type":"EntryPoint","urlTemplate":"https:\/\/mycapil.com\/en\/?s={search_term_string}"},"query-input":{"@type":"PropertyValueSpecification","valueRequired":true,"valueName":"search_term_string"}}],"inLanguage":"en"},{"@type":"Organization","@id":"https:\/\/mycapil.com\/en\/#organization","name":"MyCapil","url":"https:\/\/mycapil.com\/en\/","logo":{"@type":"ImageObject","inLanguage":"en","@id":"https:\/\/mycapil.com\/en\/#\/schema\/logo\/image\/","url":"https:\/\/mycapil.com\/wp-content\/uploads\/2020\/02\/Mycapil3.png","contentUrl":"https:\/\/mycapil.com\/wp-content\/uploads\/2020\/02\/Mycapil3.png","width":339,"height":113,"caption":"MyCapil"},"image":{"@id":"https:\/\/mycapil.com\/en\/#\/schema\/logo\/image\/"}}]}},"_links":{"self":[{"href":"https:\/\/mycapil.com\/en\/wp-json\/wp\/v2\/pages\/407","targetHints":{"allow":["GET"]}}],"collection":[{"href":"https:\/\/mycapil.com\/en\/wp-json\/wp\/v2\/pages"}],"about":[{"href":"https:\/\/mycapil.com\/en\/wp-json\/wp\/v2\/types\/page"}],"author":[{"embeddable":true,"href":"https:\/\/mycapil.com\/en\/wp-json\/wp\/v2\/users\/2"}],"replies":[{"embeddable":true,"href":"https:\/\/mycapil.com\/en\/wp-json\/wp\/v2\/comments?post=407"}],"version-history":[{"count":22,"href":"https:\/\/mycapil.com\/en\/wp-json\/wp\/v2\/pages\/407\/revisions"}],"predecessor-version":[{"id":3646,"href":"https:\/\/mycapil.com\/en\/wp-json\/wp\/v2\/pages\/407\/revisions\/3646"}],"wp:attachment":[{"href":"https:\/\/mycapil.com\/en\/wp-json\/wp\/v2\/media?parent=407"}],"curies":[{"name":"wp","href":"https:\/\/api.w.org\/{rel}","templated":true}]}}