{"id":411,"date":"2020-02-26T14:50:54","date_gmt":"2020-02-26T18:50:54","guid":{"rendered":"http:\/\/mycapil.com\/index.php\/politica-privacidad\/"},"modified":"2022-05-03T06:17:40","modified_gmt":"2022-05-03T10:17:40","slug":"privacy-policy","status":"publish","type":"page","link":"https:\/\/mycapil.com\/en\/privacy-policy\/","title":{"rendered":"Privacy Policy"},"content":{"rendered":"<p>The owner of this website and service provider of the information society is Javier Mill\u00e1n (here in after MyCapil) NIF. 75787921T, You can find us at Calle Guinda 18 El Puerto de Santa Mar\u00eda (C\u00e1diz).\u00a0 Email: info@mycapil.com<\/p>\n<p>The services provided are performed by a Commercial Associate Agent number: 2437 of the Commercial Agents Association of Sabadell COAC.<\/p>\n<p>The personal data that MyCapil collects on its website, and in particular, the customer data entered during the contracting process, are subject to automated processing and are incorporated into the corresponding files, called \u201cCLIENTS\u201d, duly registered in the Spanish Agency for Data Protection.<br \/>\nPersonal data<\/p>\n<p>MyCapil considers the protection and security of the personal data of USERS of great importance.<\/p>\n<p>MyCapil undertakes to respect at all times the current regulations on the protection of personal data. The personal data provided by the USER in the registration form and those provided in the future by virtue of the Offer Proposal, will be incorporated into a personal data file owned by MyCapil that will deal with the USER\u2019s data for the management of the services detailed in this platform, as well as for sending the MyCapil newsletter and commercial information related to its services. The USER may, at any time, exercise their rights of access, rectification, cancellation and opposition by contacting: info@MyCapil.com<br \/>\nLikewise, MyCapil will treat the data to which it has access according to the instructions of the USER, not applying them or using them for purposes other than those established in this document.<\/p>\n<p>The collection of data by MyCapil is made with the purpose of procuring the assistance of a doctor to carry out the hair transplant. We inform you that we will<br \/>\nrequest your collaboration so that the information is as accurate as possible, truthful and complete in order to better diagnose and treat. The data requested is necessary, so that if they are not provided, it will not be possible to formalize the desired relationship. In the case of acting on behalf of minors or disabled persons, they will be asked to prove this condition, taking into account the property of the represented party. The doctor may request photographs in order to better diagnose and treat.<\/p>\n<p>Once the service is finished, at the request of the USER, it will destroy or return to the USER all the information to which it has had access, except for those data that must remain blocked when there is a legal forecast that requires its conservation.<\/p>\n<p>In accordance with the provisions of EU Directive 95\/46 \/ EC and Article 11 of the LOPD, we inform you that when hiring the products and services that we offer in our Platform, we must communicate your personal data (1) to the Suppliers of the services offered, who will be obliged to use their data only and exclusively to comply with the delivery of the product or the provision of the contracted service.<\/p>\n<p>Data Protection MyCapil henceforth complies with the guidelines of the Organic Law 15\/1999 of December 13 on the Protection of Personal Data, Royal Decree 1720\/2007 of December 21, which approves the Regulations for the development of the Organic Law and other regulations in force at each moment, and ensures the correct use and treatment of the user\u2019s personal data.<\/p>\n<p>MyCapil considers the protection and security of the personal data of USERS of great importance.<\/p>\n<p>MyCapil undertakes to respect at all times the current regulations on the protection of personal data. The personal data provided by the USER in the registration form and, those provided in the future by virtue of the Offer Proposal, will be incorporated into a data file of character personal ownership of MyCapil that will treat the data of the USER for the management of the services detailed in the present platform, as well as for the sending of the bulletin information and commercial information related to its services. The USER may, at any time, exercise their rights of access, rectification, cancellation and opposition by contacting: info@MyCapil.com<\/p>\n<p>The only data that is requested by MyCapil are: Name and Surname, email, and telephone. Likewise, MyCapil will treat the data to which it has access according to the instructions of the USER, not applying them or using them for purposes other than those established in this document. We inform you that your data will be treated with the confidentiality required in the regulations on data protection and with the security measures required in it.<\/p>\n","protected":false},"excerpt":{"rendered":"<p>The owner of this website and service provider of the information society is Javier Mill\u00e1n (here in after MyCapil) NIF. 75787921T, You can find us at Calle Guinda 18 El Puerto de Santa Mar\u00eda (C\u00e1diz).\u00a0 Email: info@mycapil.com The services provided are performed by a Commercial Associate Agent number: 2437 of the Commercial Agents Association of [&hellip;]<\/p>\n","protected":false},"author":2,"featured_media":0,"parent":0,"menu_order":0,"comment_status":"closed","ping_status":"closed","template":"","meta":{"footnotes":""},"class_list":["post-411","page","type-page","status-publish"],"yoast_head":"<!-- This site is optimized with the Yoast SEO plugin v25.9 - https:\/\/yoast.com\/wordpress\/plugins\/seo\/ -->\n<title>Privacy Policy - MyCapil \u2714\ufe0f<\/title>\n<meta name=\"description\" content=\"En \u00e9ste art\u00edculo hablaremos de Privacy Policy . En la categor\u00eda de . Visita nuestro blog\" \/>\n<meta name=\"robots\" content=\"noindex, follow\" \/>\n<meta property=\"og:locale\" content=\"en_US\" \/>\n<meta property=\"og:type\" content=\"article\" \/>\n<meta property=\"og:title\" content=\"Privacy Policy - MyCapil \u2714\ufe0f\" \/>\n<meta property=\"og:description\" content=\"En \u00e9ste art\u00edculo hablaremos de Privacy Policy . En la categor\u00eda de . Visita nuestro blog\" \/>\n<meta property=\"og:url\" content=\"https:\/\/mycapil.com\/en\/privacy-policy\/\" \/>\n<meta property=\"og:site_name\" content=\"MyCapil\" \/>\n<meta property=\"article:modified_time\" content=\"2022-05-03T10:17:40+00:00\" \/>\n<meta name=\"twitter:card\" content=\"summary_large_image\" \/>\n<meta name=\"twitter:label1\" content=\"Est. reading time\" \/>\n\t<meta name=\"twitter:data1\" content=\"4 minutes\" \/>\n<script type=\"application\/ld+json\" class=\"yoast-schema-graph\">{\"@context\":\"https:\/\/schema.org\",\"@graph\":[{\"@type\":\"WebPage\",\"@id\":\"https:\/\/mycapil.com\/en\/privacy-policy\/\",\"url\":\"https:\/\/mycapil.com\/en\/privacy-policy\/\",\"name\":\"Privacy Policy - MyCapil \u2714\ufe0f\",\"isPartOf\":{\"@id\":\"https:\/\/mycapil.com\/en\/#website\"},\"datePublished\":\"2020-02-26T18:50:54+00:00\",\"dateModified\":\"2022-05-03T10:17:40+00:00\",\"description\":\"En \u00e9ste art\u00edculo hablaremos de Privacy Policy . En la categor\u00eda de . Visita nuestro blog\",\"breadcrumb\":{\"@id\":\"https:\/\/mycapil.com\/en\/privacy-policy\/#breadcrumb\"},\"inLanguage\":\"en\",\"potentialAction\":[{\"@type\":\"ReadAction\",\"target\":[\"https:\/\/mycapil.com\/en\/privacy-policy\/\"]}]},{\"@type\":\"BreadcrumbList\",\"@id\":\"https:\/\/mycapil.com\/en\/privacy-policy\/#breadcrumb\",\"itemListElement\":[{\"@type\":\"ListItem\",\"position\":1,\"name\":\"Home\",\"item\":\"https:\/\/mycapil.com\/en\/home-2\/\"},{\"@type\":\"ListItem\",\"position\":2,\"name\":\"Privacy Policy\"}]},{\"@type\":\"WebSite\",\"@id\":\"https:\/\/mycapil.com\/en\/#website\",\"url\":\"https:\/\/mycapil.com\/en\/\",\"name\":\"MyCapil\",\"description\":\"Alopecia, Hair loss, capillary\",\"publisher\":{\"@id\":\"https:\/\/mycapil.com\/en\/#organization\"},\"potentialAction\":[{\"@type\":\"SearchAction\",\"target\":{\"@type\":\"EntryPoint\",\"urlTemplate\":\"https:\/\/mycapil.com\/en\/?s={search_term_string}\"},\"query-input\":{\"@type\":\"PropertyValueSpecification\",\"valueRequired\":true,\"valueName\":\"search_term_string\"}}],\"inLanguage\":\"en\"},{\"@type\":\"Organization\",\"@id\":\"https:\/\/mycapil.com\/en\/#organization\",\"name\":\"MyCapil\",\"url\":\"https:\/\/mycapil.com\/en\/\",\"logo\":{\"@type\":\"ImageObject\",\"inLanguage\":\"en\",\"@id\":\"https:\/\/mycapil.com\/en\/#\/schema\/logo\/image\/\",\"url\":\"https:\/\/mycapil.com\/wp-content\/uploads\/2020\/02\/Mycapil3.png\",\"contentUrl\":\"https:\/\/mycapil.com\/wp-content\/uploads\/2020\/02\/Mycapil3.png\",\"width\":339,\"height\":113,\"caption\":\"MyCapil\"},\"image\":{\"@id\":\"https:\/\/mycapil.com\/en\/#\/schema\/logo\/image\/\"}}]}<\/script>\n<!-- \/ Yoast SEO plugin. -->","yoast_head_json":{"title":"Privacy Policy - MyCapil \u2714\ufe0f","description":"En \u00e9ste art\u00edculo hablaremos de Privacy Policy . En la categor\u00eda de . Visita nuestro blog","robots":{"index":"noindex","follow":"follow"},"og_locale":"en_US","og_type":"article","og_title":"Privacy Policy - MyCapil \u2714\ufe0f","og_description":"En \u00e9ste art\u00edculo hablaremos de Privacy Policy . En la categor\u00eda de . Visita nuestro blog","og_url":"https:\/\/mycapil.com\/en\/privacy-policy\/","og_site_name":"MyCapil","article_modified_time":"2022-05-03T10:17:40+00:00","twitter_card":"summary_large_image","twitter_misc":{"Est. reading time":"4 minutes"},"schema":{"@context":"https:\/\/schema.org","@graph":[{"@type":"WebPage","@id":"https:\/\/mycapil.com\/en\/privacy-policy\/","url":"https:\/\/mycapil.com\/en\/privacy-policy\/","name":"Privacy Policy - MyCapil \u2714\ufe0f","isPartOf":{"@id":"https:\/\/mycapil.com\/en\/#website"},"datePublished":"2020-02-26T18:50:54+00:00","dateModified":"2022-05-03T10:17:40+00:00","description":"En \u00e9ste art\u00edculo hablaremos de Privacy Policy . En la categor\u00eda de . Visita nuestro blog","breadcrumb":{"@id":"https:\/\/mycapil.com\/en\/privacy-policy\/#breadcrumb"},"inLanguage":"en","potentialAction":[{"@type":"ReadAction","target":["https:\/\/mycapil.com\/en\/privacy-policy\/"]}]},{"@type":"BreadcrumbList","@id":"https:\/\/mycapil.com\/en\/privacy-policy\/#breadcrumb","itemListElement":[{"@type":"ListItem","position":1,"name":"Home","item":"https:\/\/mycapil.com\/en\/home-2\/"},{"@type":"ListItem","position":2,"name":"Privacy Policy"}]},{"@type":"WebSite","@id":"https:\/\/mycapil.com\/en\/#website","url":"https:\/\/mycapil.com\/en\/","name":"MyCapil","description":"Alopecia, Hair loss, capillary","publisher":{"@id":"https:\/\/mycapil.com\/en\/#organization"},"potentialAction":[{"@type":"SearchAction","target":{"@type":"EntryPoint","urlTemplate":"https:\/\/mycapil.com\/en\/?s={search_term_string}"},"query-input":{"@type":"PropertyValueSpecification","valueRequired":true,"valueName":"search_term_string"}}],"inLanguage":"en"},{"@type":"Organization","@id":"https:\/\/mycapil.com\/en\/#organization","name":"MyCapil","url":"https:\/\/mycapil.com\/en\/","logo":{"@type":"ImageObject","inLanguage":"en","@id":"https:\/\/mycapil.com\/en\/#\/schema\/logo\/image\/","url":"https:\/\/mycapil.com\/wp-content\/uploads\/2020\/02\/Mycapil3.png","contentUrl":"https:\/\/mycapil.com\/wp-content\/uploads\/2020\/02\/Mycapil3.png","width":339,"height":113,"caption":"MyCapil"},"image":{"@id":"https:\/\/mycapil.com\/en\/#\/schema\/logo\/image\/"}}]}},"_links":{"self":[{"href":"https:\/\/mycapil.com\/en\/wp-json\/wp\/v2\/pages\/411","targetHints":{"allow":["GET"]}}],"collection":[{"href":"https:\/\/mycapil.com\/en\/wp-json\/wp\/v2\/pages"}],"about":[{"href":"https:\/\/mycapil.com\/en\/wp-json\/wp\/v2\/types\/page"}],"author":[{"embeddable":true,"href":"https:\/\/mycapil.com\/en\/wp-json\/wp\/v2\/users\/2"}],"replies":[{"embeddable":true,"href":"https:\/\/mycapil.com\/en\/wp-json\/wp\/v2\/comments?post=411"}],"version-history":[{"count":15,"href":"https:\/\/mycapil.com\/en\/wp-json\/wp\/v2\/pages\/411\/revisions"}],"predecessor-version":[{"id":7583,"href":"https:\/\/mycapil.com\/en\/wp-json\/wp\/v2\/pages\/411\/revisions\/7583"}],"wp:attachment":[{"href":"https:\/\/mycapil.com\/en\/wp-json\/wp\/v2\/media?parent=411"}],"curies":[{"name":"wp","href":"https:\/\/api.w.org\/{rel}","templated":true}]}}