{"id":3549,"date":"2021-07-14T08:21:17","date_gmt":"2021-07-14T12:21:17","guid":{"rendered":"https:\/\/nuevaweb.mycapil.com\/traitement-pour-cheveux\/"},"modified":"2021-07-15T08:29:50","modified_gmt":"2021-07-15T12:29:50","slug":"traitement-pour-cheveux","status":"publish","type":"page","link":"https:\/\/mycapil.com\/fr\/traitement-pour-cheveux\/","title":{"rendered":"Traitement pour cheveux"},"content":{"rendered":"<p>The current query has no posts. Please make sure you have published items matching your query.<\/p>\n","protected":false},"excerpt":{"rendered":"<p>The current query has no posts. Please make sure you have published items matching your query.<\/p>\n","protected":false},"author":2,"featured_media":0,"parent":0,"menu_order":0,"comment_status":"closed","ping_status":"closed","template":"","meta":{"footnotes":""},"class_list":["post-3549","page","type-page","status-publish"],"yoast_head":"<!-- This site is optimized with the Yoast SEO plugin v25.9 - https:\/\/yoast.com\/wordpress\/plugins\/seo\/ -->\n<title>Articles sur les diff\u00e9rents traitements capillaires<\/title>\n<meta name=\"description\" content=\"Lisez tous nos articles sur les diff\u00e9rents traitements capillaires qui existent et comment prendre soin de vos cheveux de la meilleure fa\u00e7on.\" \/>\n<meta name=\"robots\" content=\"index, follow, max-snippet:-1, max-image-preview:large, max-video-preview:-1\" \/>\n<link rel=\"canonical\" href=\"https:\/\/mycapil.com\/fr\/traitement-pour-cheveux\/\" \/>\n<meta property=\"og:locale\" content=\"fr_FR\" \/>\n<meta property=\"og:type\" content=\"article\" \/>\n<meta property=\"og:title\" content=\"Articles sur les diff\u00e9rents traitements capillaires\" \/>\n<meta property=\"og:description\" content=\"Lisez tous nos articles sur les diff\u00e9rents traitements capillaires qui existent et comment prendre soin de vos cheveux de la meilleure fa\u00e7on.\" \/>\n<meta property=\"og:url\" content=\"https:\/\/mycapil.com\/fr\/traitement-pour-cheveux\/\" \/>\n<meta property=\"og:site_name\" content=\"MyCapil\" \/>\n<meta property=\"article:modified_time\" content=\"2021-07-15T12:29:50+00:00\" \/>\n<meta name=\"twitter:card\" content=\"summary_large_image\" \/>\n<meta name=\"twitter:label1\" content=\"Est. reading time\" \/>\n\t<meta name=\"twitter:data1\" content=\"1 minute\" \/>\n<script type=\"application\/ld+json\" class=\"yoast-schema-graph\">{\"@context\":\"https:\/\/schema.org\",\"@graph\":[{\"@type\":\"WebPage\",\"@id\":\"https:\/\/mycapil.com\/fr\/traitement-pour-cheveux\/\",\"url\":\"https:\/\/mycapil.com\/fr\/traitement-pour-cheveux\/\",\"name\":\"Articles sur les diff\u00e9rents traitements capillaires\",\"isPartOf\":{\"@id\":\"https:\/\/mycapil.com\/fr\/#website\"},\"datePublished\":\"2021-07-14T12:21:17+00:00\",\"dateModified\":\"2021-07-15T12:29:50+00:00\",\"description\":\"Lisez tous nos articles sur les diff\u00e9rents traitements capillaires qui existent et comment prendre soin de vos cheveux de la meilleure fa\u00e7on.\",\"breadcrumb\":{\"@id\":\"https:\/\/mycapil.com\/fr\/traitement-pour-cheveux\/#breadcrumb\"},\"inLanguage\":\"fr\",\"potentialAction\":[{\"@type\":\"ReadAction\",\"target\":[\"https:\/\/mycapil.com\/fr\/traitement-pour-cheveux\/\"]}]},{\"@type\":\"BreadcrumbList\",\"@id\":\"https:\/\/mycapil.com\/fr\/traitement-pour-cheveux\/#breadcrumb\",\"itemListElement\":[{\"@type\":\"ListItem\",\"position\":1,\"name\":\"Accueil\",\"item\":\"https:\/\/mycapil.com\/fr\/\"},{\"@type\":\"ListItem\",\"position\":2,\"name\":\"Traitement pour cheveux\"}]},{\"@type\":\"WebSite\",\"@id\":\"https:\/\/mycapil.com\/fr\/#website\",\"url\":\"https:\/\/mycapil.com\/fr\/\",\"name\":\"MyCapil\",\"description\":\"Alop\u00e9cie, Chute de cheveux, capillaire\",\"publisher\":{\"@id\":\"https:\/\/mycapil.com\/fr\/#organization\"},\"potentialAction\":[{\"@type\":\"SearchAction\",\"target\":{\"@type\":\"EntryPoint\",\"urlTemplate\":\"https:\/\/mycapil.com\/fr\/?s={search_term_string}\"},\"query-input\":{\"@type\":\"PropertyValueSpecification\",\"valueRequired\":true,\"valueName\":\"search_term_string\"}}],\"inLanguage\":\"fr\"},{\"@type\":\"Organization\",\"@id\":\"https:\/\/mycapil.com\/fr\/#organization\",\"name\":\"MyCapil\",\"url\":\"https:\/\/mycapil.com\/fr\/\",\"logo\":{\"@type\":\"ImageObject\",\"inLanguage\":\"fr\",\"@id\":\"https:\/\/mycapil.com\/fr\/#\/schema\/logo\/image\/\",\"url\":\"https:\/\/mycapil.com\/wp-content\/uploads\/2020\/02\/Mycapil3.png\",\"contentUrl\":\"https:\/\/mycapil.com\/wp-content\/uploads\/2020\/02\/Mycapil3.png\",\"width\":339,\"height\":113,\"caption\":\"MyCapil\"},\"image\":{\"@id\":\"https:\/\/mycapil.com\/fr\/#\/schema\/logo\/image\/\"}}]}<\/script>\n<!-- \/ Yoast SEO plugin. -->","yoast_head_json":{"title":"Articles sur les diff\u00e9rents traitements capillaires","description":"Lisez tous nos articles sur les diff\u00e9rents traitements capillaires qui existent et comment prendre soin de vos cheveux de la meilleure fa\u00e7on.","robots":{"index":"index","follow":"follow","max-snippet":"max-snippet:-1","max-image-preview":"max-image-preview:large","max-video-preview":"max-video-preview:-1"},"canonical":"https:\/\/mycapil.com\/fr\/traitement-pour-cheveux\/","og_locale":"fr_FR","og_type":"article","og_title":"Articles sur les diff\u00e9rents traitements capillaires","og_description":"Lisez tous nos articles sur les diff\u00e9rents traitements capillaires qui existent et comment prendre soin de vos cheveux de la meilleure fa\u00e7on.","og_url":"https:\/\/mycapil.com\/fr\/traitement-pour-cheveux\/","og_site_name":"MyCapil","article_modified_time":"2021-07-15T12:29:50+00:00","twitter_card":"summary_large_image","twitter_misc":{"Est. reading time":"1 minute"},"schema":{"@context":"https:\/\/schema.org","@graph":[{"@type":"WebPage","@id":"https:\/\/mycapil.com\/fr\/traitement-pour-cheveux\/","url":"https:\/\/mycapil.com\/fr\/traitement-pour-cheveux\/","name":"Articles sur les diff\u00e9rents traitements capillaires","isPartOf":{"@id":"https:\/\/mycapil.com\/fr\/#website"},"datePublished":"2021-07-14T12:21:17+00:00","dateModified":"2021-07-15T12:29:50+00:00","description":"Lisez tous nos articles sur les diff\u00e9rents traitements capillaires qui existent et comment prendre soin de vos cheveux de la meilleure fa\u00e7on.","breadcrumb":{"@id":"https:\/\/mycapil.com\/fr\/traitement-pour-cheveux\/#breadcrumb"},"inLanguage":"fr","potentialAction":[{"@type":"ReadAction","target":["https:\/\/mycapil.com\/fr\/traitement-pour-cheveux\/"]}]},{"@type":"BreadcrumbList","@id":"https:\/\/mycapil.com\/fr\/traitement-pour-cheveux\/#breadcrumb","itemListElement":[{"@type":"ListItem","position":1,"name":"Accueil","item":"https:\/\/mycapil.com\/fr\/"},{"@type":"ListItem","position":2,"name":"Traitement pour cheveux"}]},{"@type":"WebSite","@id":"https:\/\/mycapil.com\/fr\/#website","url":"https:\/\/mycapil.com\/fr\/","name":"MyCapil","description":"Alop\u00e9cie, Chute de cheveux, capillaire","publisher":{"@id":"https:\/\/mycapil.com\/fr\/#organization"},"potentialAction":[{"@type":"SearchAction","target":{"@type":"EntryPoint","urlTemplate":"https:\/\/mycapil.com\/fr\/?s={search_term_string}"},"query-input":{"@type":"PropertyValueSpecification","valueRequired":true,"valueName":"search_term_string"}}],"inLanguage":"fr"},{"@type":"Organization","@id":"https:\/\/mycapil.com\/fr\/#organization","name":"MyCapil","url":"https:\/\/mycapil.com\/fr\/","logo":{"@type":"ImageObject","inLanguage":"fr","@id":"https:\/\/mycapil.com\/fr\/#\/schema\/logo\/image\/","url":"https:\/\/mycapil.com\/wp-content\/uploads\/2020\/02\/Mycapil3.png","contentUrl":"https:\/\/mycapil.com\/wp-content\/uploads\/2020\/02\/Mycapil3.png","width":339,"height":113,"caption":"MyCapil"},"image":{"@id":"https:\/\/mycapil.com\/fr\/#\/schema\/logo\/image\/"}}]}},"_links":{"self":[{"href":"https:\/\/mycapil.com\/fr\/wp-json\/wp\/v2\/pages\/3549","targetHints":{"allow":["GET"]}}],"collection":[{"href":"https:\/\/mycapil.com\/fr\/wp-json\/wp\/v2\/pages"}],"about":[{"href":"https:\/\/mycapil.com\/fr\/wp-json\/wp\/v2\/types\/page"}],"author":[{"embeddable":true,"href":"https:\/\/mycapil.com\/fr\/wp-json\/wp\/v2\/users\/2"}],"replies":[{"embeddable":true,"href":"https:\/\/mycapil.com\/fr\/wp-json\/wp\/v2\/comments?post=3549"}],"version-history":[{"count":9,"href":"https:\/\/mycapil.com\/fr\/wp-json\/wp\/v2\/pages\/3549\/revisions"}],"predecessor-version":[{"id":3869,"href":"https:\/\/mycapil.com\/fr\/wp-json\/wp\/v2\/pages\/3549\/revisions\/3869"}],"wp:attachment":[{"href":"https:\/\/mycapil.com\/fr\/wp-json\/wp\/v2\/media?parent=3549"}],"curies":[{"name":"wp","href":"https:\/\/api.w.org\/{rel}","templated":true}]}}