{"id":408,"date":"2020-02-26T15:39:51","date_gmt":"2020-02-26T19:39:51","guid":{"rendered":"http:\/\/mycapil.com\/index.php\/politica-de-cookies\/"},"modified":"2020-04-02T05:03:52","modified_gmt":"2020-04-02T09:03:52","slug":"politique-de-cookies","status":"publish","type":"page","link":"https:\/\/mycapil.com\/fr\/politique-de-cookies\/","title":{"rendered":"Politique de cookies"},"content":{"rendered":"<p><img loading=\"lazy\" decoding=\"async\" class=\"alignnone  wp-image-1820\" src=\"https:\/\/mycapil.com\/wp-content\/uploads\/2020\/04\/cookie-300x300.png\" alt=\"\" width=\"81\" height=\"81\" srcset=\"https:\/\/mycapil.com\/wp-content\/uploads\/2020\/04\/cookie-300x300.png 300w, https:\/\/mycapil.com\/wp-content\/uploads\/2020\/04\/cookie-150x150.png 150w, https:\/\/mycapil.com\/wp-content\/uploads\/2020\/04\/cookie-60x60.png 60w, https:\/\/mycapil.com\/wp-content\/uploads\/2020\/04\/cookie-43x43.png 43w, https:\/\/mycapil.com\/wp-content\/uploads\/2020\/04\/cookie-360x360.png 360w, https:\/\/mycapil.com\/wp-content\/uploads\/2020\/04\/cookie-262x262.png 262w, https:\/\/mycapil.com\/wp-content\/uploads\/2020\/04\/cookie.png 512w\" sizes=\"auto, (max-width: 81px) 100vw, 81px\" \/><\/p>\n<h1>Politique de cookies<\/h1>\n<p style=\"margin-top: 0px; margin-bottom: 1.5rem; caret-color: #666666; color: #666666; font-family: 'Open Sans', sans-serif;\">Que sont les cookies?<br \/>\nLes cookies sont des petits fichiers textuels qui sont sauvegard\u00e9s sur votre ordinateur quand vous visitez certaines pages sur Internet.<\/p>\n<p style=\"margin-top: 0px; margin-bottom: 1.5rem; caret-color: #666666; color: #666666; font-family: 'Open Sans', sans-serif;\">Pour notre site et ses sous-domaines nous utilisons des cookies, en demandant l\u2019accord pr\u00e9alable de l\u2019utilisateur, l\u00e0 o\u00f9 la l\u00e9gislation et les r\u00e9glementations applicables l\u2019exigent, pour am\u00e9liorer la navigation et personnaliser les informations destin\u00e9es \u00e0 l\u2019utilisateur. Nous utilisons en outre des syst\u00e8mes similaires pour collecter des informations sur les utilisateurs, comme par exemple l\u2019adresse IP, le type de navigateur Internet et le syst\u00e8me d\u2019exploitation utilis\u00e9 et\/ou les pages web visit\u00e9es par un utilisateur, \u00e0 des fins statistiques ou de s\u00e9curit\u00e9.<br \/>\nNous vous informons que si vous d\u00e9cidez de bloquer ou d\u00e9sactiver les cookies, certaines parties du site et de ses sous-domaines pourraient \u00eatre inaccessibles ou leur fonctionnement pourrait \u00eatre affect\u00e9.<br \/>\nPour une utilisation facile et compl\u00e8te de ce site, il est donc opportun que l\u2019utilisateur configure son navigateur de fa\u00e7on \u00e0 ce qu\u2019il accepte de recevoir ces cookies. Les cookies ne sont pas dangereux pour votre ordinateur, tablette ou smartphone. Les cookies g\u00e9n\u00e9r\u00e9s par notre site ne stockent pas d\u2019informations d\u2019identification personnelle mais des informations crypt\u00e9es uniquement.<\/p>\n<p style=\"margin-top: 0px; margin-bottom: 1.5rem; caret-color: #666666; color: #666666; font-family: 'Open Sans', sans-serif;\">Notre site et ses sous-domaines utilisent les cookies suivants:<\/p>\n<p style=\"margin-top: 0px; margin-bottom: 1.5rem; caret-color: #666666; color: #666666; font-family: 'Open Sans', sans-serif;\">Cookies de navigation<br \/>\nCes cookies sont fondamentaux pour vous permettre de vous d\u00e9placer \u00e0 l\u2019int\u00e9rieur du site et pour utiliser ses fonctionnalit\u00e9s. Sans ces cookies, il se peut que certaines fonctions ne soient pas accessibles ou ne fonctionnent pas correctement.<br \/>\nLes cookies strictement n\u00e9cessaires sont utilis\u00e9s pour m\u00e9moriser un identifiant afin d\u2019identifier l\u2019utilisateur de fa\u00e7on univoque par rapport aux autres utilisateurs, ceci afin de fournir \u00e0 l\u2019utilisateur un service coh\u00e9rent et pr\u00e9cis.<\/p>\n<p style=\"margin-top: 0px; margin-bottom: 1.5rem; caret-color: #666666; color: #666666; font-family: 'Open Sans', sans-serif;\">Cookies de performance<br \/>\nCes cookies peuvent \u00eatre de notre site ou de sites partenaires, de session ou persistants. Leur utilisation est limit\u00e9e \u00e0 la performance et \u00e0 l\u2019am\u00e9lioration du site Internet. Ces cookies ne recueillent pas d\u2019informations permettant d\u2019identifier l\u2019utilisateur. Toutes les informations recueillies par ces cookies sont agr\u00e9g\u00e9es sous une forme anonyme et ne sont utilis\u00e9es que pour am\u00e9liorer la fonctionnalit\u00e9 du site.<\/p>\n<p style=\"margin-top: 0px; margin-bottom: 1.5rem; caret-color: #666666; color: #666666; font-family: 'Open Sans', sans-serif;\">Cookies fonctionnels<br \/>\nCes cookies sont habituellement la cons\u00e9quence d\u2019une action de l\u2019utilisateur, mais ils peuvent \u00e9galement \u00eatre mis en \u0153uvre pour la fourniture d\u2019un service, non explicitement requis mais offert \u00e0 l\u2019utilisateur. Ils peuvent m\u00eame \u00eatre utilis\u00e9s pour \u00e9viter d\u2019offrir \u00e0 un utilisateur donn\u00e9 un service qui lui avait \u00e9t\u00e9 offert auparavant et qu\u2019il avait refus\u00e9. En outre, ces cookies permettent au site de se souvenir des choix de l\u2019utilisateur. Les informations recueillies par ces cookies sont anonymes et ne peuvent pas suivre le comportement de l\u2019utilisateur sur d\u2019autres sites.<\/p>\n<p style=\"margin-top: 0px; margin-bottom: 1.5rem; caret-color: #666666; color: #666666; font-family: 'Open Sans', sans-serif;\">Cookies de tierce partie pour le marketing\/la r\u00e9orientation<br \/>\nCes cookies sont utilis\u00e9s par nos partenaires, afin de vous pr\u00e9senter nos banni\u00e8res publicitaires lorsque vous vous trouvez sur d\u2019autres sites, en vous montrant, par exemple, les derniers produits que vous avez regard\u00e9s sur notre site. Ces cookies sont \u00e9galement utilis\u00e9s pour vous montrer des produits qui pourraient vous int\u00e9resser ou similaires \u00e0 ceux que vous avez regard\u00e9s auparavant. L\u2019utilisation de ces cookies n\u2019implique pas le traitement de donn\u00e9es personnelles, mais elle peut<\/p>\n<p style=\"margin-top: 0px; margin-bottom: 1.5rem; caret-color: #666666; color: #666666; font-family: 'Open Sans', sans-serif;\">permettre la connexion au navigateur install\u00e9 sur votre ordinateur ou sur d\u2019autres dispositifs utilis\u00e9s durant la navigation sur notre site.<\/p>\n<p style=\"margin-top: 0px; margin-bottom: 1.5rem; caret-color: #666666; color: #666666; font-family: 'Open Sans', sans-serif;\">G\u00e9rer les Cookies<\/p>\n<p style=\"margin-top: 0px; margin-bottom: 1.5rem; caret-color: #666666; color: #666666; font-family: 'Open Sans', sans-serif;\">L\u2019utilisateur g\u00e8re les cookies depuis son navigateur. L\u2019utilisateur a la possibilit\u00e9 d\u2019autoriser, bloquer ou supprimer les cookies install\u00e9s sur son ordinateur en param\u00e9trant les options du navigateur. Dans le cas de blocage ou de d\u00e9sactivation de l\u2019installation de tous ou de certains d\u2019entre eux, vous pouvez continuer d\u2019utiliser notre site Web, mais il est possible que certains services qui n\u00e9cessitent son utilisation ne soient pas disponibles et que votre exp\u00e9rience sur notre site web soit moins agr\u00e9able.<\/p>\n<p style=\"margin-top: 0px; margin-bottom: 1.5rem; caret-color: #666666; color: #666666; font-family: 'Open Sans', sans-serif;\">\n<p style=\"margin-top: 0px; margin-bottom: 1.5rem; caret-color: #666666; color: #666666; font-family: 'Open Sans', sans-serif;\">Pour g\u00e9rer les cookies de votre navigateur, vous devez acc\u00e9der \u00e0 la barre d\u2019outils du navigateur, puis rechercher la section sur les options de confidentialit\u00e9 et enfin celle des cookies. Ces \u00e9tapes peuvent varier l\u00e9g\u00e8rement d\u2019un navigateur \u00e0 l\u2019autre.<br \/>\nCi-dessous, nous indiquons une liste des navigateurs les plus utilis\u00e9s et comment faire pour d\u00e9sactiver ou supprimer les cookies :<\/p>\n<p style=\"margin-top: 0px; margin-bottom: 1.5rem; caret-color: #666666; color: #666666; font-family: 'Open Sans', sans-serif;\">\n<p style=\"margin-top: 0px; margin-bottom: 1.5rem; caret-color: #666666; color: #666666; font-family: 'Open Sans', sans-serif;\">Google Chrome<\/p>\n<p style=\"margin-top: 0px; margin-bottom: 1.5rem; caret-color: #666666; color: #666666; font-family: 'Open Sans', sans-serif;\"><a style=\"outline: 0px; background-color: transparent; transition-property: background-color, box-shadow, border, color, opacity, transform; transition-duration: 0.3s; text-decoration-skip: objects; color: #32beeb;\" href=\"https:\/\/support.google.com\/chrome\/answer\/95647?hl=fr\">https:\/\/support.google.com\/chrome\/answer\/95647?hl=fr<\/a><\/p>\n<p style=\"margin-top: 0px; margin-bottom: 1.5rem; caret-color: #666666; color: #666666; font-family: 'Open Sans', sans-serif;\">Internet Explorer<\/p>\n<p style=\"margin-top: 0px; margin-bottom: 1.5rem; caret-color: #666666; color: #666666; font-family: 'Open Sans', sans-serif;\"><a style=\"outline: 0px; background-color: transparent; transition-property: background-color, box-shadow, border, color, opacity, transform; transition-duration: 0.3s; text-decoration-skip: objects; color: #32beeb;\" href=\"http:\/\/windows.microsoft.com\/fr-fr\/internet-explorer\/delete-manage-cookies#ie=ie-11\">http:\/\/windows.microsoft.com\/fr-fr\/internet-explorer\/delete-manage-cookies#ie=ie-11<\/a><\/p>\n<p style=\"margin-top: 0px; margin-bottom: 1.5rem; caret-color: #666666; color: #666666; font-family: 'Open Sans', sans-serif;\">Firefox<\/p>\n<p style=\"margin-top: 0px; margin-bottom: 1.5rem; caret-color: #666666; color: #666666; font-family: 'Open Sans', sans-serif;\"><a style=\"outline: 0px; background-color: transparent; transition-property: background-color, box-shadow, border, color, opacity, transform; transition-duration: 0.3s; text-decoration-skip: objects; color: #32beeb;\" href=\"https:\/\/support.mozilla.org\/fr\/kb\/cookies-informations-sites-enregistrent\">https:\/\/support.mozilla.org\/fr\/kb\/cookies-informations-sites-enregistrent<\/a><\/p>\n<p style=\"margin-top: 0px; margin-bottom: 1.5rem; caret-color: #666666; color: #666666; font-family: 'Open Sans', sans-serif;\">Safari<\/p>\n<p style=\"margin-top: 0px; margin-bottom: 1.5rem; caret-color: #666666; color: #666666; font-family: 'Open Sans', sans-serif;\"><a style=\"outline: 0px; background-color: transparent; transition-property: background-color, box-shadow, border, color, opacity, transform; transition-duration: 0.3s; text-decoration-skip: objects; color: #32beeb;\" href=\"https:\/\/support.apple.com\/kb\/PH21411?viewlocale=fr_FR&amp;locale=fr_FR\">https:\/\/support.apple.com\/kb\/PH21411?viewlocale=fr_FR&amp;locale=fr_FR<\/a><\/p>\n<p style=\"margin-top: 0px; margin-bottom: 1.5rem; caret-color: #666666; color: #666666; font-family: 'Open Sans', sans-serif;\">Opera<\/p>\n<p style=\"margin-top: 0px; margin-bottom: 1.5rem; caret-color: #666666; color: #666666; font-family: 'Open Sans', sans-serif;\"><a style=\"outline: 0px; background-color: transparent; transition-property: background-color, box-shadow, border, color, opacity, transform; transition-duration: 0.3s; text-decoration-skip: objects; color: #32beeb;\" href=\"http:\/\/help.opera.com\/Windows\/10.20\/fr\/cookies.html\">http:\/\/help.opera.com\/Windows\/10.20\/fr\/cookies.html<\/a><\/p>\n<p style=\"margin-top: 0px; margin-bottom: 1.5rem; caret-color: #666666; color: #666666; font-family: 'Open Sans', sans-serif;\">\n<p style=\"margin-top: 0px; margin-bottom: 1.5rem; caret-color: #666666; color: #666666; font-family: 'Open Sans', sans-serif;\">Mises \u00e0 jour et changements dans la politique de cookies<\/p>\n<p style=\"margin-top: 0px; margin-bottom: 1.5rem; caret-color: #666666; color: #666666; font-family: 'Open Sans', sans-serif;\">La politique de cookies peut \u00eatre modifi\u00e9e et mise \u00e0 jour en fonction de changements importants dans notre politique de cookies ou d\u2019exigences r\u00e9glementaires.<\/p>\n<p style=\"margin-top: 0px; margin-bottom: 0px; caret-color: #666666; color: #666666; font-family: 'Open Sans', sans-serif;\">Si vous avez des doutes \u00e0 propos des cookies sur notre site, vous pouvez contacter CapilCLINIC. info@capilClinic.fr<\/p>\n<p><a target=\"_blank\" rel=\"noopener noreferrer\"><br \/>\nFacebook-f<br \/>\n<\/a><br \/>\n<a target=\"_blank\" rel=\"noopener noreferrer\"><br \/>\nTwitter<br \/>\n<\/a><br \/>\n<a target=\"_blank\" rel=\"noopener noreferrer\"><br \/>\nInstagram<br \/>\n<\/a><br \/>\n<a target=\"_blank\" rel=\"noopener noreferrer\"><br \/>\nPinterest<br \/>\n<\/a><\/p>\n","protected":false},"excerpt":{"rendered":"<p>Politique de cookies Que sont les cookies? Les cookies sont des petits fichiers textuels qui sont sauvegard\u00e9s sur votre ordinateur quand vous visitez certaines pages sur Internet. Pour notre site et ses sous-domaines nous utilisons des cookies, en demandant l\u2019accord pr\u00e9alable de l\u2019utilisateur, l\u00e0 o\u00f9 la l\u00e9gislation et les r\u00e9glementations applicables l\u2019exigent, pour am\u00e9liorer la [&hellip;]<\/p>\n","protected":false},"author":2,"featured_media":0,"parent":0,"menu_order":0,"comment_status":"closed","ping_status":"closed","template":"","meta":{"footnotes":""},"class_list":["post-408","page","type-page","status-publish"],"yoast_head":"<!-- This site is optimized with the Yoast SEO plugin v25.9 - https:\/\/yoast.com\/wordpress\/plugins\/seo\/ -->\n<title>Politique de cookies - MyCapil \u2714\ufe0f<\/title>\n<meta name=\"description\" content=\"En \u00e9ste art\u00edculo hablaremos de Politique de cookies . En la categor\u00eda de . Visita nuestro blog\" \/>\n<meta name=\"robots\" content=\"index, follow, max-snippet:-1, max-image-preview:large, max-video-preview:-1\" \/>\n<link rel=\"canonical\" href=\"https:\/\/mycapil.com\/fr\/politique-de-cookies\/\" \/>\n<meta property=\"og:locale\" content=\"fr_FR\" \/>\n<meta property=\"og:type\" content=\"article\" \/>\n<meta property=\"og:title\" content=\"Politique de cookies - MyCapil \u2714\ufe0f\" \/>\n<meta property=\"og:description\" content=\"En \u00e9ste art\u00edculo hablaremos de Politique de cookies . En la categor\u00eda de . Visita nuestro blog\" \/>\n<meta property=\"og:url\" content=\"https:\/\/mycapil.com\/fr\/politique-de-cookies\/\" \/>\n<meta property=\"og:site_name\" content=\"MyCapil\" \/>\n<meta property=\"article:modified_time\" content=\"2020-04-02T09:03:52+00:00\" \/>\n<meta property=\"og:image\" content=\"https:\/\/mycapil.com\/wp-content\/uploads\/2020\/04\/cookie-300x300.png\" \/>\n<meta name=\"twitter:card\" content=\"summary_large_image\" \/>\n<meta name=\"twitter:label1\" content=\"Est. reading time\" \/>\n\t<meta name=\"twitter:data1\" content=\"4 minutes\" \/>\n<script type=\"application\/ld+json\" class=\"yoast-schema-graph\">{\"@context\":\"https:\/\/schema.org\",\"@graph\":[{\"@type\":\"WebPage\",\"@id\":\"https:\/\/mycapil.com\/fr\/politique-de-cookies\/\",\"url\":\"https:\/\/mycapil.com\/fr\/politique-de-cookies\/\",\"name\":\"Politique de cookies - MyCapil \u2714\ufe0f\",\"isPartOf\":{\"@id\":\"https:\/\/mycapil.com\/fr\/#website\"},\"primaryImageOfPage\":{\"@id\":\"https:\/\/mycapil.com\/fr\/politique-de-cookies\/#primaryimage\"},\"image\":{\"@id\":\"https:\/\/mycapil.com\/fr\/politique-de-cookies\/#primaryimage\"},\"thumbnailUrl\":\"https:\/\/mycapil.com\/wp-content\/uploads\/2020\/04\/cookie-300x300.png\",\"datePublished\":\"2020-02-26T19:39:51+00:00\",\"dateModified\":\"2020-04-02T09:03:52+00:00\",\"description\":\"En \u00e9ste art\u00edculo hablaremos de Politique de cookies . En la categor\u00eda de . Visita nuestro blog\",\"breadcrumb\":{\"@id\":\"https:\/\/mycapil.com\/fr\/politique-de-cookies\/#breadcrumb\"},\"inLanguage\":\"fr\",\"potentialAction\":[{\"@type\":\"ReadAction\",\"target\":[\"https:\/\/mycapil.com\/fr\/politique-de-cookies\/\"]}]},{\"@type\":\"ImageObject\",\"inLanguage\":\"fr\",\"@id\":\"https:\/\/mycapil.com\/fr\/politique-de-cookies\/#primaryimage\",\"url\":\"https:\/\/mycapil.com\/wp-content\/uploads\/2020\/04\/cookie-300x300.png\",\"contentUrl\":\"https:\/\/mycapil.com\/wp-content\/uploads\/2020\/04\/cookie-300x300.png\"},{\"@type\":\"BreadcrumbList\",\"@id\":\"https:\/\/mycapil.com\/fr\/politique-de-cookies\/#breadcrumb\",\"itemListElement\":[{\"@type\":\"ListItem\",\"position\":1,\"name\":\"Accueil\",\"item\":\"https:\/\/mycapil.com\/fr\/\"},{\"@type\":\"ListItem\",\"position\":2,\"name\":\"Politique de cookies\"}]},{\"@type\":\"WebSite\",\"@id\":\"https:\/\/mycapil.com\/fr\/#website\",\"url\":\"https:\/\/mycapil.com\/fr\/\",\"name\":\"MyCapil\",\"description\":\"Alop\u00e9cie, Chute de cheveux, capillaire\",\"publisher\":{\"@id\":\"https:\/\/mycapil.com\/fr\/#organization\"},\"potentialAction\":[{\"@type\":\"SearchAction\",\"target\":{\"@type\":\"EntryPoint\",\"urlTemplate\":\"https:\/\/mycapil.com\/fr\/?s={search_term_string}\"},\"query-input\":{\"@type\":\"PropertyValueSpecification\",\"valueRequired\":true,\"valueName\":\"search_term_string\"}}],\"inLanguage\":\"fr\"},{\"@type\":\"Organization\",\"@id\":\"https:\/\/mycapil.com\/fr\/#organization\",\"name\":\"MyCapil\",\"url\":\"https:\/\/mycapil.com\/fr\/\",\"logo\":{\"@type\":\"ImageObject\",\"inLanguage\":\"fr\",\"@id\":\"https:\/\/mycapil.com\/fr\/#\/schema\/logo\/image\/\",\"url\":\"https:\/\/mycapil.com\/wp-content\/uploads\/2020\/02\/Mycapil3.png\",\"contentUrl\":\"https:\/\/mycapil.com\/wp-content\/uploads\/2020\/02\/Mycapil3.png\",\"width\":339,\"height\":113,\"caption\":\"MyCapil\"},\"image\":{\"@id\":\"https:\/\/mycapil.com\/fr\/#\/schema\/logo\/image\/\"}}]}<\/script>\n<!-- \/ Yoast SEO plugin. -->","yoast_head_json":{"title":"Politique de cookies - MyCapil \u2714\ufe0f","description":"En \u00e9ste art\u00edculo hablaremos de Politique de cookies . En la categor\u00eda de . Visita nuestro blog","robots":{"index":"index","follow":"follow","max-snippet":"max-snippet:-1","max-image-preview":"max-image-preview:large","max-video-preview":"max-video-preview:-1"},"canonical":"https:\/\/mycapil.com\/fr\/politique-de-cookies\/","og_locale":"fr_FR","og_type":"article","og_title":"Politique de cookies - MyCapil \u2714\ufe0f","og_description":"En \u00e9ste art\u00edculo hablaremos de Politique de cookies . En la categor\u00eda de . Visita nuestro blog","og_url":"https:\/\/mycapil.com\/fr\/politique-de-cookies\/","og_site_name":"MyCapil","article_modified_time":"2020-04-02T09:03:52+00:00","og_image":[{"url":"https:\/\/mycapil.com\/wp-content\/uploads\/2020\/04\/cookie-300x300.png","type":"","width":"","height":""}],"twitter_card":"summary_large_image","twitter_misc":{"Est. reading time":"4 minutes"},"schema":{"@context":"https:\/\/schema.org","@graph":[{"@type":"WebPage","@id":"https:\/\/mycapil.com\/fr\/politique-de-cookies\/","url":"https:\/\/mycapil.com\/fr\/politique-de-cookies\/","name":"Politique de cookies - MyCapil \u2714\ufe0f","isPartOf":{"@id":"https:\/\/mycapil.com\/fr\/#website"},"primaryImageOfPage":{"@id":"https:\/\/mycapil.com\/fr\/politique-de-cookies\/#primaryimage"},"image":{"@id":"https:\/\/mycapil.com\/fr\/politique-de-cookies\/#primaryimage"},"thumbnailUrl":"https:\/\/mycapil.com\/wp-content\/uploads\/2020\/04\/cookie-300x300.png","datePublished":"2020-02-26T19:39:51+00:00","dateModified":"2020-04-02T09:03:52+00:00","description":"En \u00e9ste art\u00edculo hablaremos de Politique de cookies . En la categor\u00eda de . Visita nuestro blog","breadcrumb":{"@id":"https:\/\/mycapil.com\/fr\/politique-de-cookies\/#breadcrumb"},"inLanguage":"fr","potentialAction":[{"@type":"ReadAction","target":["https:\/\/mycapil.com\/fr\/politique-de-cookies\/"]}]},{"@type":"ImageObject","inLanguage":"fr","@id":"https:\/\/mycapil.com\/fr\/politique-de-cookies\/#primaryimage","url":"https:\/\/mycapil.com\/wp-content\/uploads\/2020\/04\/cookie-300x300.png","contentUrl":"https:\/\/mycapil.com\/wp-content\/uploads\/2020\/04\/cookie-300x300.png"},{"@type":"BreadcrumbList","@id":"https:\/\/mycapil.com\/fr\/politique-de-cookies\/#breadcrumb","itemListElement":[{"@type":"ListItem","position":1,"name":"Accueil","item":"https:\/\/mycapil.com\/fr\/"},{"@type":"ListItem","position":2,"name":"Politique de cookies"}]},{"@type":"WebSite","@id":"https:\/\/mycapil.com\/fr\/#website","url":"https:\/\/mycapil.com\/fr\/","name":"MyCapil","description":"Alop\u00e9cie, Chute de cheveux, capillaire","publisher":{"@id":"https:\/\/mycapil.com\/fr\/#organization"},"potentialAction":[{"@type":"SearchAction","target":{"@type":"EntryPoint","urlTemplate":"https:\/\/mycapil.com\/fr\/?s={search_term_string}"},"query-input":{"@type":"PropertyValueSpecification","valueRequired":true,"valueName":"search_term_string"}}],"inLanguage":"fr"},{"@type":"Organization","@id":"https:\/\/mycapil.com\/fr\/#organization","name":"MyCapil","url":"https:\/\/mycapil.com\/fr\/","logo":{"@type":"ImageObject","inLanguage":"fr","@id":"https:\/\/mycapil.com\/fr\/#\/schema\/logo\/image\/","url":"https:\/\/mycapil.com\/wp-content\/uploads\/2020\/02\/Mycapil3.png","contentUrl":"https:\/\/mycapil.com\/wp-content\/uploads\/2020\/02\/Mycapil3.png","width":339,"height":113,"caption":"MyCapil"},"image":{"@id":"https:\/\/mycapil.com\/fr\/#\/schema\/logo\/image\/"}}]}},"_links":{"self":[{"href":"https:\/\/mycapil.com\/fr\/wp-json\/wp\/v2\/pages\/408","targetHints":{"allow":["GET"]}}],"collection":[{"href":"https:\/\/mycapil.com\/fr\/wp-json\/wp\/v2\/pages"}],"about":[{"href":"https:\/\/mycapil.com\/fr\/wp-json\/wp\/v2\/types\/page"}],"author":[{"embeddable":true,"href":"https:\/\/mycapil.com\/fr\/wp-json\/wp\/v2\/users\/2"}],"replies":[{"embeddable":true,"href":"https:\/\/mycapil.com\/fr\/wp-json\/wp\/v2\/comments?post=408"}],"version-history":[{"count":5,"href":"https:\/\/mycapil.com\/fr\/wp-json\/wp\/v2\/pages\/408\/revisions"}],"predecessor-version":[{"id":1869,"href":"https:\/\/mycapil.com\/fr\/wp-json\/wp\/v2\/pages\/408\/revisions\/1869"}],"wp:attachment":[{"href":"https:\/\/mycapil.com\/fr\/wp-json\/wp\/v2\/media?parent=408"}],"curies":[{"name":"wp","href":"https:\/\/api.w.org\/{rel}","templated":true}]}}