{"id":412,"date":"2020-02-26T14:50:54","date_gmt":"2020-02-26T18:50:54","guid":{"rendered":"http:\/\/mycapil.com\/index.php\/politica-privacidad\/"},"modified":"2022-02-04T04:29:12","modified_gmt":"2022-02-04T08:29:12","slug":"politique-de-confidentialite","status":"publish","type":"page","link":"https:\/\/mycapil.com\/fr\/politique-de-confidentialite\/","title":{"rendered":"Politique de confidentialit\u00e9"},"content":{"rendered":"<p><img loading=\"lazy\" decoding=\"async\" class=\"alignnone wp-image-1810\" src=\"https:\/\/mycapil.com\/wp-content\/uploads\/2020\/04\/login-300x300.png\" alt=\"\" width=\"82\" height=\"82\" srcset=\"https:\/\/mycapil.com\/wp-content\/uploads\/2020\/04\/login-300x300.png 300w, https:\/\/mycapil.com\/wp-content\/uploads\/2020\/04\/login-150x150.png 150w, https:\/\/mycapil.com\/wp-content\/uploads\/2020\/04\/login-60x60.png 60w, https:\/\/mycapil.com\/wp-content\/uploads\/2020\/04\/login-43x43.png 43w, https:\/\/mycapil.com\/wp-content\/uploads\/2020\/04\/login-360x360.png 360w, https:\/\/mycapil.com\/wp-content\/uploads\/2020\/04\/login-262x262.png 262w, https:\/\/mycapil.com\/wp-content\/uploads\/2020\/04\/login.png 512w\" sizes=\"auto, (max-width: 82px) 100vw, 82px\" \/><\/p>\n<h2>Politique de confidentialit\u00e9<\/h2>\n<p style=\"margin-top: 0px; margin-bottom: 1.5rem; caret-color: #666666; color: #666666; font-family: 'Open Sans', sans-serif;\">Les donn\u00e9es de nature personnelle<\/p>\n<p>MYCAPIL consid\u00e8re la protection et la s\u00e9curit\u00e9 des donn\u00e9es personnelles des utilisateurs comme une importance capitale.<\/p>\n<p>MYCAPIL s\u2019engage \u00e0 respecter en tout temps la r\u00e9glementation en vigueur concernant la protection des donn\u00e9es de nature personnelle. Les donn\u00e9es personnelles fournies par l\u2019utilisateur dans le formulaire d\u2019inscription et celles dans l\u2019avenir qui facilitent en vertu de la proposition d\u2019offre seront int\u00e9gr\u00e9es dans un fichier de donn\u00e9es personnelles appartenant \u00e0 MYCAPIL qui traitera les donn\u00e9es de l\u2019utilisateur pour la gestion des services d\u00e9taill\u00e9e dans cette plate-forme, ainsi que pour la soumission du bulletin d\u2019information de CAPLICLINIC et des informations commerciales connexes. L\u2019utilisateur peut, \u00e0 tout moment, exercer ses droits d\u2019acc\u00e8s, de rectification, d\u2019annulation et d\u2019opposition en communiquant avec l\u2019adresse: info@MYCAPIL.com<\/p>\n<p>De m\u00eame, MYCAPIL traitera les donn\u00e9es auxquelles il a acc\u00e8s selon les instructions de l\u2019utilisateur, sans les appliquer ou les utiliser \u00e0 des fins autres que celles \u00e9tablies dans le pr\u00e9sent document.<\/p>\n<p>La collecte de donn\u00e9es de la part de MYCAPIL est faite afin de procurer l\u2019aide d\u2019une option pour effectuer la transplantation capillaire. Nous vous informons que nous demanderons votre collaboration afin que l\u2019information soit aussi pr\u00e9cise que possible, v\u00e9ridique et compl\u00e8te afin d\u2019am\u00e9liorer le diagnostic et le traitement. Les donn\u00e9es qui sont demand\u00e9es sont n\u00e9cessaires, de sorte que si elles ne sont pas fournies, il ne sera pas possible de formaliser le rapport souhait\u00e9. Dans le cas d\u2019une action en faveur de mineurs ou de personnes handicap\u00e9es, vous serez invit\u00e9 \u00e0 certifier cette condition, en tenant compte du bien de la personne repr\u00e9sent\u00e9e. Le m\u00e9decin pourra vous demander des photos pour un meilleur diagnostic et traitement.<\/p>\n<p>Une fois le service rendu, \u00e0 la demande de l\u2019utilisateur, il d\u00e9truira ou retournera \u00e0 l\u2019utilisateur toutes les informations auxquelles il a acc\u00e9d\u00e9, \u00e0 l\u2019exception des donn\u00e9es qui doivent \u00eatre bloqu\u00e9es lorsqu\u2019il existe une pr\u00e9vision l\u00e9gale qui exige sa conservation.<\/p>\n<p>Conform\u00e9ment aux dispositions de la directive 95\/46\/CE de l\u2019Union europ\u00e9enne et de l\u2019article 11 de la LOPD, nous vous informons qu\u2019en louant les produits et services que nous offrons sur notre plateforme, nous devons communiquer vos donn\u00e9es personnelles (1) aux prestataires des services offerts, qui seront oblig\u00e9s d\u2019utiliser leurs donn\u00e9es uniquement et exclusivement pour se conformer \u00e0 la livraison du produit ou \u00e0 la fourniture du service contractuel.<\/p>\n<p>Protection des donn\u00e9es<br \/>\nD\u00e9sormais, MYCAPIL se conforme aux directives de la loi organique 15\/1999 du 13 d\u00e9cembre de la protection des donn\u00e9es de nature personnelle, au d\u00e9cret royal 1720\/2007 du 21 d\u00e9cembre approuvant le r\u00e8glement relatif au d\u00e9veloppement de la loi organique et d\u2019autres r\u00e9glementations en vigueur en tout temps, tout en garantissant l\u2019utilisation et le traitement corrects des donn\u00e9es personnelles de l\u2019utilisateur.<\/p>\n<p>MYCAPIL consid\u00e8re la protection et la s\u00e9curit\u00e9 des donn\u00e9es personnelles des utilisateurs comme \u00e9tant importance capitale.<\/p>\n<p>MYCAPIL s\u2019engage \u00e0 respecter en tout temps la r\u00e9glementation en vigueur concernant la protection des donn\u00e9es de nature personnelle. Les donn\u00e9es personnelles fournies par l\u2019utilisateur dans le formulaire d\u2019inscription et celles qui seront fournies \u00e0 l\u2019avenir en vertu de la proposition d\u2019offre seront int\u00e9gr\u00e9es dans un fichier de donn\u00e9es personnelles appartenant \u00e0 MYCAPIL qui traitera les donn\u00e9es de l\u2019utilisateur pour la gestion des services d\u00e9taill\u00e9e dans cette plate-forme, ainsi que pour la soumission du bulletin d\u2019information de CAPLICLINIC et des informations commerciales connexes. L\u2019utilisateur peut, \u00e0 tout moment, exercer ses droits d\u2019acc\u00e8s, de rectification, d\u2019annulation et d\u2019opposition en communiquant avec l\u2019adresse: info@MYCAPIL.com<\/p>\n<p>Les seules donn\u00e9es demand\u00e9es par MYCAPIL sont: nom et pr\u00e9nom, courriel \u00e9lectronique et t\u00e9l\u00e9phone.<br \/>\nDe m\u00eame, MYCAPIL traitera les donn\u00e9es auxquelles il a acc\u00e8s selon les instructions de l\u2019utilisateur, sans les appliquer ou les utiliser \u00e0 des fins autres que celles \u00e9tablies dans ce document. Nous vous informons que vos donn\u00e9es seront trait\u00e9es avec la confidentialit\u00e9 requise dans le r\u00e8glement sur la protection des donn\u00e9es et les mesures de s\u00e9curit\u00e9 requises dans le pr\u00e9sent document.<\/p>\n<p><a target=\"_blank\" rel=\"noopener noreferrer\"><br \/>\nFacebook-f<br \/>\n<\/a><br \/>\n<a target=\"_blank\" rel=\"noopener noreferrer\"><br \/>\nTwitter<br \/>\n<\/a><br \/>\n<a target=\"_blank\" rel=\"noopener noreferrer\"><br \/>\nInstagram<br \/>\n<\/a><br \/>\n<a target=\"_blank\" rel=\"noopener noreferrer\"><br \/>\nPinterest<br \/>\n<\/a><\/p>\n","protected":false},"excerpt":{"rendered":"<p>Politique de confidentialit\u00e9 Les donn\u00e9es de nature personnelle MYCAPIL consid\u00e8re la protection et la s\u00e9curit\u00e9 des donn\u00e9es personnelles des utilisateurs comme une importance capitale. MYCAPIL s\u2019engage \u00e0 respecter en tout temps la r\u00e9glementation en vigueur concernant la protection des donn\u00e9es de nature personnelle. Les donn\u00e9es personnelles fournies par l\u2019utilisateur dans le formulaire d\u2019inscription et celles [&hellip;]<\/p>\n","protected":false},"author":2,"featured_media":0,"parent":0,"menu_order":0,"comment_status":"closed","ping_status":"closed","template":"","meta":{"footnotes":""},"class_list":["post-412","page","type-page","status-publish"],"yoast_head":"<!-- This site is optimized with the Yoast SEO plugin v25.9 - https:\/\/yoast.com\/wordpress\/plugins\/seo\/ -->\n<title>Politique de confidentialit\u00e9 - MyCapil \u2714\ufe0f<\/title>\n<meta name=\"description\" content=\"En \u00e9ste art\u00edculo hablaremos de Politique de confidentialit\u00e9 . En la categor\u00eda de . Visita nuestro blog\" \/>\n<meta name=\"robots\" content=\"index, follow, max-snippet:-1, max-image-preview:large, max-video-preview:-1\" \/>\n<link rel=\"canonical\" href=\"https:\/\/mycapil.com\/fr\/politique-de-confidentialite\/\" \/>\n<meta property=\"og:locale\" content=\"fr_FR\" \/>\n<meta property=\"og:type\" content=\"article\" \/>\n<meta property=\"og:title\" content=\"Politique de confidentialit\u00e9 - MyCapil \u2714\ufe0f\" \/>\n<meta property=\"og:description\" content=\"En \u00e9ste art\u00edculo hablaremos de Politique de confidentialit\u00e9 . En la categor\u00eda de . Visita nuestro blog\" \/>\n<meta property=\"og:url\" content=\"https:\/\/mycapil.com\/fr\/politique-de-confidentialite\/\" \/>\n<meta property=\"og:site_name\" content=\"MyCapil\" \/>\n<meta property=\"article:modified_time\" content=\"2022-02-04T08:29:12+00:00\" \/>\n<meta property=\"og:image\" content=\"https:\/\/mycapil.com\/wp-content\/uploads\/2020\/04\/login-300x300.png\" \/>\n<meta name=\"twitter:card\" content=\"summary_large_image\" \/>\n<meta name=\"twitter:label1\" content=\"Est. reading time\" \/>\n\t<meta name=\"twitter:data1\" content=\"4 minutes\" \/>\n<script type=\"application\/ld+json\" class=\"yoast-schema-graph\">{\"@context\":\"https:\/\/schema.org\",\"@graph\":[{\"@type\":\"WebPage\",\"@id\":\"https:\/\/mycapil.com\/fr\/politique-de-confidentialite\/\",\"url\":\"https:\/\/mycapil.com\/fr\/politique-de-confidentialite\/\",\"name\":\"Politique de confidentialit\u00e9 - MyCapil \u2714\ufe0f\",\"isPartOf\":{\"@id\":\"https:\/\/mycapil.com\/fr\/#website\"},\"primaryImageOfPage\":{\"@id\":\"https:\/\/mycapil.com\/fr\/politique-de-confidentialite\/#primaryimage\"},\"image\":{\"@id\":\"https:\/\/mycapil.com\/fr\/politique-de-confidentialite\/#primaryimage\"},\"thumbnailUrl\":\"https:\/\/mycapil.com\/wp-content\/uploads\/2020\/04\/login-300x300.png\",\"datePublished\":\"2020-02-26T18:50:54+00:00\",\"dateModified\":\"2022-02-04T08:29:12+00:00\",\"description\":\"En \u00e9ste art\u00edculo hablaremos de Politique de confidentialit\u00e9 . En la categor\u00eda de . Visita nuestro blog\",\"breadcrumb\":{\"@id\":\"https:\/\/mycapil.com\/fr\/politique-de-confidentialite\/#breadcrumb\"},\"inLanguage\":\"fr\",\"potentialAction\":[{\"@type\":\"ReadAction\",\"target\":[\"https:\/\/mycapil.com\/fr\/politique-de-confidentialite\/\"]}]},{\"@type\":\"ImageObject\",\"inLanguage\":\"fr\",\"@id\":\"https:\/\/mycapil.com\/fr\/politique-de-confidentialite\/#primaryimage\",\"url\":\"https:\/\/mycapil.com\/wp-content\/uploads\/2020\/04\/login-300x300.png\",\"contentUrl\":\"https:\/\/mycapil.com\/wp-content\/uploads\/2020\/04\/login-300x300.png\"},{\"@type\":\"BreadcrumbList\",\"@id\":\"https:\/\/mycapil.com\/fr\/politique-de-confidentialite\/#breadcrumb\",\"itemListElement\":[{\"@type\":\"ListItem\",\"position\":1,\"name\":\"Accueil\",\"item\":\"https:\/\/mycapil.com\/fr\/\"},{\"@type\":\"ListItem\",\"position\":2,\"name\":\"Politique de confidentialit\u00e9\"}]},{\"@type\":\"WebSite\",\"@id\":\"https:\/\/mycapil.com\/fr\/#website\",\"url\":\"https:\/\/mycapil.com\/fr\/\",\"name\":\"MyCapil\",\"description\":\"Alop\u00e9cie, Chute de cheveux, capillaire\",\"publisher\":{\"@id\":\"https:\/\/mycapil.com\/fr\/#organization\"},\"potentialAction\":[{\"@type\":\"SearchAction\",\"target\":{\"@type\":\"EntryPoint\",\"urlTemplate\":\"https:\/\/mycapil.com\/fr\/?s={search_term_string}\"},\"query-input\":{\"@type\":\"PropertyValueSpecification\",\"valueRequired\":true,\"valueName\":\"search_term_string\"}}],\"inLanguage\":\"fr\"},{\"@type\":\"Organization\",\"@id\":\"https:\/\/mycapil.com\/fr\/#organization\",\"name\":\"MyCapil\",\"url\":\"https:\/\/mycapil.com\/fr\/\",\"logo\":{\"@type\":\"ImageObject\",\"inLanguage\":\"fr\",\"@id\":\"https:\/\/mycapil.com\/fr\/#\/schema\/logo\/image\/\",\"url\":\"https:\/\/mycapil.com\/wp-content\/uploads\/2020\/02\/Mycapil3.png\",\"contentUrl\":\"https:\/\/mycapil.com\/wp-content\/uploads\/2020\/02\/Mycapil3.png\",\"width\":339,\"height\":113,\"caption\":\"MyCapil\"},\"image\":{\"@id\":\"https:\/\/mycapil.com\/fr\/#\/schema\/logo\/image\/\"}}]}<\/script>\n<!-- \/ Yoast SEO plugin. -->","yoast_head_json":{"title":"Politique de confidentialit\u00e9 - MyCapil \u2714\ufe0f","description":"En \u00e9ste art\u00edculo hablaremos de Politique de confidentialit\u00e9 . En la categor\u00eda de . Visita nuestro blog","robots":{"index":"index","follow":"follow","max-snippet":"max-snippet:-1","max-image-preview":"max-image-preview:large","max-video-preview":"max-video-preview:-1"},"canonical":"https:\/\/mycapil.com\/fr\/politique-de-confidentialite\/","og_locale":"fr_FR","og_type":"article","og_title":"Politique de confidentialit\u00e9 - MyCapil \u2714\ufe0f","og_description":"En \u00e9ste art\u00edculo hablaremos de Politique de confidentialit\u00e9 . En la categor\u00eda de . Visita nuestro blog","og_url":"https:\/\/mycapil.com\/fr\/politique-de-confidentialite\/","og_site_name":"MyCapil","article_modified_time":"2022-02-04T08:29:12+00:00","og_image":[{"url":"https:\/\/mycapil.com\/wp-content\/uploads\/2020\/04\/login-300x300.png","type":"","width":"","height":""}],"twitter_card":"summary_large_image","twitter_misc":{"Est. reading time":"4 minutes"},"schema":{"@context":"https:\/\/schema.org","@graph":[{"@type":"WebPage","@id":"https:\/\/mycapil.com\/fr\/politique-de-confidentialite\/","url":"https:\/\/mycapil.com\/fr\/politique-de-confidentialite\/","name":"Politique de confidentialit\u00e9 - MyCapil \u2714\ufe0f","isPartOf":{"@id":"https:\/\/mycapil.com\/fr\/#website"},"primaryImageOfPage":{"@id":"https:\/\/mycapil.com\/fr\/politique-de-confidentialite\/#primaryimage"},"image":{"@id":"https:\/\/mycapil.com\/fr\/politique-de-confidentialite\/#primaryimage"},"thumbnailUrl":"https:\/\/mycapil.com\/wp-content\/uploads\/2020\/04\/login-300x300.png","datePublished":"2020-02-26T18:50:54+00:00","dateModified":"2022-02-04T08:29:12+00:00","description":"En \u00e9ste art\u00edculo hablaremos de Politique de confidentialit\u00e9 . En la categor\u00eda de . Visita nuestro blog","breadcrumb":{"@id":"https:\/\/mycapil.com\/fr\/politique-de-confidentialite\/#breadcrumb"},"inLanguage":"fr","potentialAction":[{"@type":"ReadAction","target":["https:\/\/mycapil.com\/fr\/politique-de-confidentialite\/"]}]},{"@type":"ImageObject","inLanguage":"fr","@id":"https:\/\/mycapil.com\/fr\/politique-de-confidentialite\/#primaryimage","url":"https:\/\/mycapil.com\/wp-content\/uploads\/2020\/04\/login-300x300.png","contentUrl":"https:\/\/mycapil.com\/wp-content\/uploads\/2020\/04\/login-300x300.png"},{"@type":"BreadcrumbList","@id":"https:\/\/mycapil.com\/fr\/politique-de-confidentialite\/#breadcrumb","itemListElement":[{"@type":"ListItem","position":1,"name":"Accueil","item":"https:\/\/mycapil.com\/fr\/"},{"@type":"ListItem","position":2,"name":"Politique de confidentialit\u00e9"}]},{"@type":"WebSite","@id":"https:\/\/mycapil.com\/fr\/#website","url":"https:\/\/mycapil.com\/fr\/","name":"MyCapil","description":"Alop\u00e9cie, Chute de cheveux, capillaire","publisher":{"@id":"https:\/\/mycapil.com\/fr\/#organization"},"potentialAction":[{"@type":"SearchAction","target":{"@type":"EntryPoint","urlTemplate":"https:\/\/mycapil.com\/fr\/?s={search_term_string}"},"query-input":{"@type":"PropertyValueSpecification","valueRequired":true,"valueName":"search_term_string"}}],"inLanguage":"fr"},{"@type":"Organization","@id":"https:\/\/mycapil.com\/fr\/#organization","name":"MyCapil","url":"https:\/\/mycapil.com\/fr\/","logo":{"@type":"ImageObject","inLanguage":"fr","@id":"https:\/\/mycapil.com\/fr\/#\/schema\/logo\/image\/","url":"https:\/\/mycapil.com\/wp-content\/uploads\/2020\/02\/Mycapil3.png","contentUrl":"https:\/\/mycapil.com\/wp-content\/uploads\/2020\/02\/Mycapil3.png","width":339,"height":113,"caption":"MyCapil"},"image":{"@id":"https:\/\/mycapil.com\/fr\/#\/schema\/logo\/image\/"}}]}},"_links":{"self":[{"href":"https:\/\/mycapil.com\/fr\/wp-json\/wp\/v2\/pages\/412","targetHints":{"allow":["GET"]}}],"collection":[{"href":"https:\/\/mycapil.com\/fr\/wp-json\/wp\/v2\/pages"}],"about":[{"href":"https:\/\/mycapil.com\/fr\/wp-json\/wp\/v2\/types\/page"}],"author":[{"embeddable":true,"href":"https:\/\/mycapil.com\/fr\/wp-json\/wp\/v2\/users\/2"}],"replies":[{"embeddable":true,"href":"https:\/\/mycapil.com\/fr\/wp-json\/wp\/v2\/comments?post=412"}],"version-history":[{"count":7,"href":"https:\/\/mycapil.com\/fr\/wp-json\/wp\/v2\/pages\/412\/revisions"}],"predecessor-version":[{"id":6263,"href":"https:\/\/mycapil.com\/fr\/wp-json\/wp\/v2\/pages\/412\/revisions\/6263"}],"wp:attachment":[{"href":"https:\/\/mycapil.com\/fr\/wp-json\/wp\/v2\/media?parent=412"}],"curies":[{"name":"wp","href":"https:\/\/api.w.org\/{rel}","templated":true}]}}