{"id":401,"date":"2020-02-26T15:37:56","date_gmt":"2020-02-26T19:37:56","guid":{"rendered":"http:\/\/mycapil.com\/index.php\/nosotros\/"},"modified":"2020-04-02T06:15:28","modified_gmt":"2020-04-02T10:15:28","slug":"chi-siamo","status":"publish","type":"page","link":"https:\/\/mycapil.com\/it\/chi-siamo\/","title":{"rendered":"Chi siamo"},"content":{"rendered":"<h1 style=\"color: #526371;\">Chi Siamo<\/h1>\n<p>Ulteriori informazioni sul nostro sito Web.<\/p>\n<p>[divider type=&#8221;1&#8243;]<\/p>\n<p>[\/divider]<\/p>\n<p>[column parallax_bg=&#8221;disabled&#8221; parallax_bg_inertia=&#8221;-0.2&#8243; extended=&#8221;true&#8221; extended_padding=&#8221;true&#8221; background_color=&#8221;#f5f5f5&#8243; background_image=&#8221;&#8221; background_repeat=&#8221;&#8221; background_position=&#8221;&#8221; background_size=&#8221;auto&#8221; background_attachment=&#8221;&#8221; hide_bg_lowres=&#8221;false&#8221; background_video=&#8221;&#8221; vertical_padding_top=&#8221;0&#8243; vertical_padding_bottom=&#8221;0&#8243; more_link=&#8221;&#8221; more_text=&#8221;&#8221; left_border=&#8221;transparent&#8221; class=&#8221;&#8221; id=&#8221;&#8221; title=&#8221;&#8221; title_type=&#8221;single&#8221; animation=&#8221;none&#8221; width=&#8221;1\/1&#8243; last=&#8221;true&#8221;]<\/p>\n<p>[column_1 width=&#8221;1\/3&#8243; title=&#8221;&#8221; title_type=&#8221;single&#8221; animation=&#8221;from-left&#8221; implicit=&#8221;true&#8221;]<\/p>\n<p><img loading=\"lazy\" decoding=\"async\" class=\"alignnone size-medium wp-image-329\" src=\"https:\/\/mycapil.com\/wp-content\/uploads\/2020\/02\/nosostros-compressor-300x200.jpg\" alt=\"\" width=\"300\" height=\"200\" srcset=\"https:\/\/mycapil.com\/wp-content\/uploads\/2020\/02\/nosostros-compressor-300x200.jpg 300w, https:\/\/mycapil.com\/wp-content\/uploads\/2020\/02\/nosostros-compressor.jpg 626w\" sizes=\"auto, (max-width: 300px) 100vw, 300px\" \/><\/p>\n<p>[\/column_1]<\/p>\n<p>[column_1 width=&#8221;2\/3&#8243; last=&#8221;true&#8221; title=&#8221;&#8221; title_type=&#8221;single&#8221; animation=&#8221;none&#8221; implicit=&#8221;true&#8221;]<\/p>\n<h2 style=\"color: #526371;\">Ti insegniamo tutto sulla salute dei capelli<\/h2>\n<p><strong>MyCapil<\/strong>\u00a0\u00e8 composto da un team di persone appassionate del mondo dei capelli, abbiamo iniziato questo progetto perch\u00e9 su Internet ci sono molte informazioni a riguardo, ma comprendiamo che non tutto \u00e8 di qualit\u00e0.<\/p>\n<p>La nostra missione \u00e8 di aiutare tutte le persone che soffrono di qualche tipo di problema con i capelli fornendo loro informazioni di qualit\u00e0 in modo che possano essere informate e conoscere sempre le ultime notizie.<br \/>\nQui parleremo di Alopecia, soluzioni per la perdita dei capelli, fatti interessanti, trattamenti per i capelli e molto altro, tutti incentrati esclusivamente sul mondo dei capelli, poich\u00e9 questo \u00e8 ci\u00f2 di cui siamo appassionati.<\/p>\n<p>Se hai domande o suggerimenti, ti invitiamo a contattare il team MyCapil, saremo lieti di ricevere tue notizie.<br \/>\n[\/column_1]<\/p>\n<p>[\/column]<\/p>\n<p>[blank h=&#8221;30&#8243;]<\/p>\n<p>[\/blank]<\/p>\n<p>[column parallax_bg=&#8221;disabled&#8221; parallax_bg_inertia=&#8221;-0.2&#8243; extended=&#8221;&#8221; extended_padding=&#8221;1&#8243; background_color=&#8221;&#8221; background_image=&#8221;&#8221; background_repeat=&#8221;&#8221; background_position=&#8221;&#8221; background_size=&#8221;auto&#8221; background_attachment=&#8221;&#8221; hide_bg_lowres=&#8221;&#8221; background_video=&#8221;&#8221; vertical_padding_top=&#8221;0&#8243; vertical_padding_bottom=&#8221;0&#8243; more_link=&#8221;&#8221; more_text=&#8221;&#8221; left_border=&#8221;transparent&#8221; class=&#8221;&#8221; id=&#8221;&#8221; title=&#8221;&#8221; title_type=&#8221;single&#8221; animation=&#8221;none&#8221; width=&#8221;1\/1&#8243; last=&#8221;true&#8221;]<\/p>\n<h2 style=\"color: #526371;\">Vuoi vedere di pi\u00f9 sulla salute dei capelli ?<\/h2>\n<p>Esplora e scopri di pi\u00f9 su tutto ci\u00f2 che riguarda l&#8217;alopecia, la salute dei capelli, i trattamenti per combatterlo e molto altro. Troverai articoli con informazioni pertinenti e dove spiegheremo la cosa pi\u00f9 importante in modo che tu sia aggiornato.<\/p>\n<p>[\/column]<\/p>\n<p>[column parallax_bg=&#8221;disabled&#8221; parallax_bg_inertia=&#8221;-0.2&#8243; extended=&#8221;&#8221; extended_padding=&#8221;1&#8243; background_color=&#8221;&#8221; background_image=&#8221;&#8221; background_repeat=&#8221;&#8221; background_position=&#8221;&#8221; background_size=&#8221;auto&#8221; background_attachment=&#8221;&#8221; hide_bg_lowres=&#8221;&#8221; background_video=&#8221;&#8221; vertical_padding_top=&#8221;0&#8243; vertical_padding_bottom=&#8221;0&#8243; more_link=&#8221;&#8221; more_text=&#8221;&#8221; left_border=&#8221;transparent&#8221; class=&#8221;&#8221; id=&#8221;&#8221; title=&#8221;&#8221; title_type=&#8221;single&#8221; animation=&#8221;none&#8221; width=&#8221;1\/1&#8243; last=&#8221;true&#8221;]<\/p>\n<p>[slogan button_text=&#8221;Vedi i nostri articoli&#8221; link=&#8221;https:\/\/mycapil.com\/it\/i-nostri-articoli\/&#8221; button_icon=&#8221;blog&#8221; button_icon_color=&#8221;&#8221; button_icon_placement=&#8221;left&#8221;]<\/p>\n<p>[\/slogan]<\/p>\n<p>[\/column]<\/p>\n","protected":false},"excerpt":{"rendered":"<p>Chi Siamo Ulteriori informazioni sul nostro sito Web. [divider type=&#8221;1&#8243;] [\/divider] [column parallax_bg=&#8221;disabled&#8221; parallax_bg_inertia=&#8221;-0.2&#8243; extended=&#8221;true&#8221; extended_padding=&#8221;true&#8221; background_color=&#8221;#f5f5f5&#8243; background_image=&#8221;&#8221; background_repeat=&#8221;&#8221; background_position=&#8221;&#8221; background_size=&#8221;auto&#8221; background_attachment=&#8221;&#8221; hide_bg_lowres=&#8221;false&#8221; background_video=&#8221;&#8221; vertical_padding_top=&#8221;0&#8243; vertical_padding_bottom=&#8221;0&#8243; more_link=&#8221;&#8221; more_text=&#8221;&#8221; left_border=&#8221;transparent&#8221; class=&#8221;&#8221; id=&#8221;&#8221; title=&#8221;&#8221; title_type=&#8221;single&#8221; animation=&#8221;none&#8221; width=&#8221;1\/1&#8243; last=&#8221;true&#8221;] [column_1 width=&#8221;1\/3&#8243; title=&#8221;&#8221; title_type=&#8221;single&#8221; animation=&#8221;from-left&#8221; implicit=&#8221;true&#8221;] [\/column_1] [column_1 width=&#8221;2\/3&#8243; last=&#8221;true&#8221; title=&#8221;&#8221; title_type=&#8221;single&#8221; animation=&#8221;none&#8221; implicit=&#8221;true&#8221;] Ti insegniamo tutto sulla salute [&hellip;]<\/p>\n","protected":false},"author":2,"featured_media":0,"parent":0,"menu_order":0,"comment_status":"closed","ping_status":"closed","template":"","meta":{"footnotes":""},"class_list":["post-401","page","type-page","status-publish"],"yoast_head":"<!-- This site is optimized with the Yoast SEO plugin v25.9 - https:\/\/yoast.com\/wordpress\/plugins\/seo\/ -->\n<title>Chi siamo - MyCapil \u2714\ufe0f<\/title>\n<meta name=\"description\" content=\"En \u00e9ste art\u00edculo hablaremos de Chi siamo . En la categor\u00eda de . Visita nuestro blog\" \/>\n<meta name=\"robots\" content=\"index, follow, max-snippet:-1, max-image-preview:large, max-video-preview:-1\" \/>\n<link rel=\"canonical\" href=\"https:\/\/mycapil.com\/it\/chi-siamo\/\" \/>\n<meta property=\"og:locale\" content=\"it_IT\" \/>\n<meta property=\"og:type\" content=\"article\" \/>\n<meta property=\"og:title\" content=\"Chi siamo - MyCapil \u2714\ufe0f\" \/>\n<meta property=\"og:description\" content=\"En \u00e9ste art\u00edculo hablaremos de Chi siamo . En la categor\u00eda de . Visita nuestro blog\" \/>\n<meta property=\"og:url\" content=\"https:\/\/mycapil.com\/it\/chi-siamo\/\" \/>\n<meta property=\"og:site_name\" content=\"MyCapil\" \/>\n<meta property=\"article:modified_time\" content=\"2020-04-02T10:15:28+00:00\" \/>\n<meta property=\"og:image\" content=\"https:\/\/mycapil.com\/wp-content\/uploads\/2020\/02\/nosostros-compressor-300x200.jpg\" \/>\n<meta name=\"twitter:card\" content=\"summary_large_image\" \/>\n<meta name=\"twitter:label1\" content=\"Est. reading time\" \/>\n\t<meta name=\"twitter:data1\" content=\"2 minutes\" \/>\n<script type=\"application\/ld+json\" class=\"yoast-schema-graph\">{\"@context\":\"https:\/\/schema.org\",\"@graph\":[{\"@type\":\"WebPage\",\"@id\":\"https:\/\/mycapil.com\/it\/chi-siamo\/\",\"url\":\"https:\/\/mycapil.com\/it\/chi-siamo\/\",\"name\":\"Chi siamo - MyCapil \u2714\ufe0f\",\"isPartOf\":{\"@id\":\"https:\/\/mycapil.com\/it\/#website\"},\"primaryImageOfPage\":{\"@id\":\"https:\/\/mycapil.com\/it\/chi-siamo\/#primaryimage\"},\"image\":{\"@id\":\"https:\/\/mycapil.com\/it\/chi-siamo\/#primaryimage\"},\"thumbnailUrl\":\"https:\/\/mycapil.com\/wp-content\/uploads\/2020\/02\/nosostros-compressor-300x200.jpg\",\"datePublished\":\"2020-02-26T19:37:56+00:00\",\"dateModified\":\"2020-04-02T10:15:28+00:00\",\"description\":\"En \u00e9ste art\u00edculo hablaremos de Chi siamo . En la categor\u00eda de . Visita nuestro blog\",\"breadcrumb\":{\"@id\":\"https:\/\/mycapil.com\/it\/chi-siamo\/#breadcrumb\"},\"inLanguage\":\"it\",\"potentialAction\":[{\"@type\":\"ReadAction\",\"target\":[\"https:\/\/mycapil.com\/it\/chi-siamo\/\"]}]},{\"@type\":\"ImageObject\",\"inLanguage\":\"it\",\"@id\":\"https:\/\/mycapil.com\/it\/chi-siamo\/#primaryimage\",\"url\":\"https:\/\/mycapil.com\/wp-content\/uploads\/2020\/02\/nosostros-compressor-300x200.jpg\",\"contentUrl\":\"https:\/\/mycapil.com\/wp-content\/uploads\/2020\/02\/nosostros-compressor-300x200.jpg\"},{\"@type\":\"BreadcrumbList\",\"@id\":\"https:\/\/mycapil.com\/it\/chi-siamo\/#breadcrumb\",\"itemListElement\":[{\"@type\":\"ListItem\",\"position\":1,\"name\":\"Comienzo\",\"item\":\"https:\/\/mycapil.com\/it\/home\/\"},{\"@type\":\"ListItem\",\"position\":2,\"name\":\"Chi siamo\"}]},{\"@type\":\"WebSite\",\"@id\":\"https:\/\/mycapil.com\/it\/#website\",\"url\":\"https:\/\/mycapil.com\/it\/\",\"name\":\"MyCapil\",\"description\":\"Alopecia, perdita di capelli, capillare\",\"publisher\":{\"@id\":\"https:\/\/mycapil.com\/it\/#organization\"},\"potentialAction\":[{\"@type\":\"SearchAction\",\"target\":{\"@type\":\"EntryPoint\",\"urlTemplate\":\"https:\/\/mycapil.com\/it\/?s={search_term_string}\"},\"query-input\":{\"@type\":\"PropertyValueSpecification\",\"valueRequired\":true,\"valueName\":\"search_term_string\"}}],\"inLanguage\":\"it\"},{\"@type\":\"Organization\",\"@id\":\"https:\/\/mycapil.com\/it\/#organization\",\"name\":\"MyCapil\",\"url\":\"https:\/\/mycapil.com\/it\/\",\"logo\":{\"@type\":\"ImageObject\",\"inLanguage\":\"it\",\"@id\":\"https:\/\/mycapil.com\/it\/#\/schema\/logo\/image\/\",\"url\":\"https:\/\/mycapil.com\/wp-content\/uploads\/2020\/02\/Mycapil3.png\",\"contentUrl\":\"https:\/\/mycapil.com\/wp-content\/uploads\/2020\/02\/Mycapil3.png\",\"width\":339,\"height\":113,\"caption\":\"MyCapil\"},\"image\":{\"@id\":\"https:\/\/mycapil.com\/it\/#\/schema\/logo\/image\/\"}}]}<\/script>\n<!-- \/ Yoast SEO plugin. -->","yoast_head_json":{"title":"Chi siamo - MyCapil \u2714\ufe0f","description":"En \u00e9ste art\u00edculo hablaremos de Chi siamo . En la categor\u00eda de . Visita nuestro blog","robots":{"index":"index","follow":"follow","max-snippet":"max-snippet:-1","max-image-preview":"max-image-preview:large","max-video-preview":"max-video-preview:-1"},"canonical":"https:\/\/mycapil.com\/it\/chi-siamo\/","og_locale":"it_IT","og_type":"article","og_title":"Chi siamo - MyCapil \u2714\ufe0f","og_description":"En \u00e9ste art\u00edculo hablaremos de Chi siamo . En la categor\u00eda de . Visita nuestro blog","og_url":"https:\/\/mycapil.com\/it\/chi-siamo\/","og_site_name":"MyCapil","article_modified_time":"2020-04-02T10:15:28+00:00","og_image":[{"url":"https:\/\/mycapil.com\/wp-content\/uploads\/2020\/02\/nosostros-compressor-300x200.jpg","type":"","width":"","height":""}],"twitter_card":"summary_large_image","twitter_misc":{"Est. reading time":"2 minutes"},"schema":{"@context":"https:\/\/schema.org","@graph":[{"@type":"WebPage","@id":"https:\/\/mycapil.com\/it\/chi-siamo\/","url":"https:\/\/mycapil.com\/it\/chi-siamo\/","name":"Chi siamo - MyCapil \u2714\ufe0f","isPartOf":{"@id":"https:\/\/mycapil.com\/it\/#website"},"primaryImageOfPage":{"@id":"https:\/\/mycapil.com\/it\/chi-siamo\/#primaryimage"},"image":{"@id":"https:\/\/mycapil.com\/it\/chi-siamo\/#primaryimage"},"thumbnailUrl":"https:\/\/mycapil.com\/wp-content\/uploads\/2020\/02\/nosostros-compressor-300x200.jpg","datePublished":"2020-02-26T19:37:56+00:00","dateModified":"2020-04-02T10:15:28+00:00","description":"En \u00e9ste art\u00edculo hablaremos de Chi siamo . En la categor\u00eda de . Visita nuestro blog","breadcrumb":{"@id":"https:\/\/mycapil.com\/it\/chi-siamo\/#breadcrumb"},"inLanguage":"it","potentialAction":[{"@type":"ReadAction","target":["https:\/\/mycapil.com\/it\/chi-siamo\/"]}]},{"@type":"ImageObject","inLanguage":"it","@id":"https:\/\/mycapil.com\/it\/chi-siamo\/#primaryimage","url":"https:\/\/mycapil.com\/wp-content\/uploads\/2020\/02\/nosostros-compressor-300x200.jpg","contentUrl":"https:\/\/mycapil.com\/wp-content\/uploads\/2020\/02\/nosostros-compressor-300x200.jpg"},{"@type":"BreadcrumbList","@id":"https:\/\/mycapil.com\/it\/chi-siamo\/#breadcrumb","itemListElement":[{"@type":"ListItem","position":1,"name":"Comienzo","item":"https:\/\/mycapil.com\/it\/home\/"},{"@type":"ListItem","position":2,"name":"Chi siamo"}]},{"@type":"WebSite","@id":"https:\/\/mycapil.com\/it\/#website","url":"https:\/\/mycapil.com\/it\/","name":"MyCapil","description":"Alopecia, perdita di capelli, capillare","publisher":{"@id":"https:\/\/mycapil.com\/it\/#organization"},"potentialAction":[{"@type":"SearchAction","target":{"@type":"EntryPoint","urlTemplate":"https:\/\/mycapil.com\/it\/?s={search_term_string}"},"query-input":{"@type":"PropertyValueSpecification","valueRequired":true,"valueName":"search_term_string"}}],"inLanguage":"it"},{"@type":"Organization","@id":"https:\/\/mycapil.com\/it\/#organization","name":"MyCapil","url":"https:\/\/mycapil.com\/it\/","logo":{"@type":"ImageObject","inLanguage":"it","@id":"https:\/\/mycapil.com\/it\/#\/schema\/logo\/image\/","url":"https:\/\/mycapil.com\/wp-content\/uploads\/2020\/02\/Mycapil3.png","contentUrl":"https:\/\/mycapil.com\/wp-content\/uploads\/2020\/02\/Mycapil3.png","width":339,"height":113,"caption":"MyCapil"},"image":{"@id":"https:\/\/mycapil.com\/it\/#\/schema\/logo\/image\/"}}]}},"_links":{"self":[{"href":"https:\/\/mycapil.com\/it\/wp-json\/wp\/v2\/pages\/401","targetHints":{"allow":["GET"]}}],"collection":[{"href":"https:\/\/mycapil.com\/it\/wp-json\/wp\/v2\/pages"}],"about":[{"href":"https:\/\/mycapil.com\/it\/wp-json\/wp\/v2\/types\/page"}],"author":[{"embeddable":true,"href":"https:\/\/mycapil.com\/it\/wp-json\/wp\/v2\/users\/2"}],"replies":[{"embeddable":true,"href":"https:\/\/mycapil.com\/it\/wp-json\/wp\/v2\/comments?post=401"}],"version-history":[{"count":31,"href":"https:\/\/mycapil.com\/it\/wp-json\/wp\/v2\/pages\/401\/revisions"}],"predecessor-version":[{"id":1881,"href":"https:\/\/mycapil.com\/it\/wp-json\/wp\/v2\/pages\/401\/revisions\/1881"}],"wp:attachment":[{"href":"https:\/\/mycapil.com\/it\/wp-json\/wp\/v2\/media?parent=401"}],"curies":[{"name":"wp","href":"https:\/\/api.w.org\/{rel}","templated":true}]}}