{"id":409,"date":"2020-02-26T15:39:51","date_gmt":"2020-02-26T19:39:51","guid":{"rendered":"http:\/\/mycapil.com\/index.php\/politica-de-cookies\/"},"modified":"2020-04-02T06:28:06","modified_gmt":"2020-04-02T10:28:06","slug":"politica-sui-cookie","status":"publish","type":"page","link":"https:\/\/mycapil.com\/it\/politica-sui-cookie\/","title":{"rendered":"Politica sui cookie"},"content":{"rendered":"<p><img loading=\"lazy\" decoding=\"async\" class=\"alignnone  wp-image-1821\" src=\"https:\/\/mycapil.com\/wp-content\/uploads\/2020\/04\/cookie-300x300.png\" alt=\"\" width=\"81\" height=\"81\" srcset=\"https:\/\/mycapil.com\/wp-content\/uploads\/2020\/04\/cookie-300x300.png 300w, https:\/\/mycapil.com\/wp-content\/uploads\/2020\/04\/cookie-150x150.png 150w, https:\/\/mycapil.com\/wp-content\/uploads\/2020\/04\/cookie-60x60.png 60w, https:\/\/mycapil.com\/wp-content\/uploads\/2020\/04\/cookie-43x43.png 43w, https:\/\/mycapil.com\/wp-content\/uploads\/2020\/04\/cookie-360x360.png 360w, https:\/\/mycapil.com\/wp-content\/uploads\/2020\/04\/cookie-262x262.png 262w, https:\/\/mycapil.com\/wp-content\/uploads\/2020\/04\/cookie.png 512w\" sizes=\"auto, (max-width: 81px) 100vw, 81px\" \/><\/p>\n<h1>Politica dei Cookies<\/h1>\n<p style=\"margin-top: 0px; margin-bottom: 1.5rem; caret-color: #666666; color: #666666; font-family: 'Open Sans', sans-serif; font-size: 15px;\">I cookies sono files che si scaricano direttamente sul computer non appena si accede ad una determinata pagina web. I cookies permettono ad una pagina web, tra le altre cose, di memorizzare e recuperare informazioni sulle abitudini di navigazione di un utente o del suo sistema e a seconda delle informazioni che trattengono e il modo in cui vengono usate dal sistema, possono essere utilizzate per riconoscere l\u2019utente. Il browser dell\u2019utente memorizza i cookies sul disco rigido solamente durante la sessione corrente occupando uno spazio minimo di memoria e non danneggiando il computer. I cookies non contengono alcuna classe di informazione personale specifica, e la maggior parte di essi si cancellano dal disco rigido alla chiusura del browser (quelli denominati cookies di sessione).<\/p>\n<p style=\"margin-top: 0px; margin-bottom: 1.5rem; caret-color: #666666; color: #666666; font-family: 'Open Sans', sans-serif; font-size: 15px;\">La maggior parte dei browser accettano di default i cookies e con indipendenza, permettono o impediscono nelle impostazioni di sicurezza i cookies temporanei o permanenti.<\/p>\n<p style=\"margin-top: 0px; margin-bottom: 1.5rem; caret-color: #666666; color: #666666; font-family: 'Open Sans', sans-serif; font-size: 15px;\">Nella pagina di Wikipedia \u00e8 possibile trovare pi\u00f9 informazioni su cosa sono e a cosa servono i cookies.<\/p>\n<ol style=\"font-style: normal; font-variant-caps: normal; list-style-position: initial; list-style-image: initial; margin-top: 0px; margin-bottom: 1.5rem; margin-left: 2.5rem; caret-color: #666666; color: #666666; font-family: 'Open Sans', sans-serif; font-size: 15px;\">\n<li style=\"margin-bottom: 0.5rem;\"><strong>Che tipo di cookies utilizza questa pagina web?<\/strong><\/li>\n<\/ol>\n<p style=\"margin-top: 0px; margin-bottom: 1.5rem; caret-color: #666666; color: #666666; font-family: 'Open Sans', sans-serif; font-size: 15px;\">I cookies, a seconda della loro permanenza, si dividono in Cookies di sessione o permanenti. I primi svaniscono quando l\u2019utente chiude il browser. I secondi svaniscono o quando si compie il loro obiettivo o quando si cancellano manualmente.<\/p>\n<p style=\"margin-top: 0px; margin-bottom: 1.5rem; caret-color: #666666; color: #666666; font-family: 'Open Sans', sans-serif; font-size: 15px;\"><strong>Cookies di prima parte<\/strong><\/p>\n<p style=\"margin-top: 0px; margin-bottom: 1.5rem; caret-color: #666666; color: #666666; font-family: 'Open Sans', sans-serif; font-size: 15px;\">Sono cookies strettamente necessari alla fornitura di determinati servizi espressamente richiesti dall\u2019Utente. Se l\u2019Utente disattiva questi cookies, non potr\u00e0 ricevere correttamente i contenuti, prodotti o servizi di questo sito web. La tipologia di cookies di prima parte che CAPIL utilizza in questo sito e le informazioni che ottiene mediante questi, sono indicati di seguito:<\/p>\n<p style=\"margin-top: 0px; margin-bottom: 1.5rem; caret-color: #666666; color: #666666; font-family: 'Open Sans', sans-serif; font-size: 15px;\"><strong>Cookies di sessione<\/strong><\/p>\n<p style=\"margin-top: 0px; margin-bottom: 1.5rem; caret-color: #666666; color: #666666; font-family: 'Open Sans', sans-serif; font-size: 15px;\"><strong>Finalit\u00e0<\/strong><\/p>\n<p style=\"margin-top: 0px; margin-bottom: 1.5rem; caret-color: #666666; color: #666666; font-family: 'Open Sans', sans-serif; font-size: 15px;\">Sono quelli che forniscono informazioni sul registro di ingresso e di navigazione dell\u2019Utente nel sito web. Sono validi unicamente durante la visita del sito da parte dell\u2019Utente. Non registrano in maniera permanente alcuna informazione sul disco rigido del computer dell\u2019Utente e svaniscono alla chiusura del browser. Questi cookies si associano solamente ad un Utente anonimo e al suo computer e non forniscono dati che permettono di dedurre o conoscere il nome e cognome dell\u2019Utente.<\/p>\n<p style=\"margin-top: 0px; margin-bottom: 1.5rem; caret-color: #666666; color: #666666; font-family: 'Open Sans', sans-serif; font-size: 15px;\"><strong>Usi specifici<\/strong><\/p>\n<p style=\"margin-top: 0px; margin-bottom: 1.5rem; caret-color: #666666; color: #666666; font-family: 'Open Sans', sans-serif; font-size: 15px;\">Registrare gli ingressi degli Utenti nel sito web.<\/p>\n<p style=\"margin-top: 0px; margin-bottom: 1.5rem; caret-color: #666666; color: #666666; font-family: 'Open Sans', sans-serif; font-size: 15px;\">Fornire servizi della societ\u00e0 delle informazioni espressamente richieste dall\u2019Utente e in conformit\u00e0 ai termini e alle condizioni applicabili.<\/p>\n<p style=\"margin-top: 0px; margin-bottom: 1.5rem; caret-color: #666666; color: #666666; font-family: 'Open Sans', sans-serif; font-size: 15px;\"><strong>Cookies di terza parte\u00a0<\/strong><\/p>\n<p style=\"margin-top: 0px; margin-bottom: 1.5rem; caret-color: #666666; color: #666666; font-family: 'Open Sans', sans-serif; font-size: 15px;\">Sono cookies non strettamente necessari per la fornitura dei servizi richiesti dall\u2019Utente n\u00e9 per la navigazione sul sito web. La tipologia di cookies di terza parte che CAPIL utilizza o potrebbe utilizzare in questo sito e le informazioni che ottiene attraverso questi, sono indicati di seguito:<\/p>\n<p style=\"margin-top: 0px; margin-bottom: 1.5rem; caret-color: #666666; color: #666666; font-family: 'Open Sans', sans-serif; font-size: 15px;\">\u2013<strong>Cookies statistici:<\/strong>\u00a0Sono quelli che trattati correttamente da noi e da terzi, ci permettono di quantificare il numero di utenti e in questo modo realizzare delle statistiche di utilizzo del servizio offerto da parte degli utenti. Per questo si analizza la sua navigazione nella nostra pagina web, al fine di migliorare l\u2019offerta dei prodotti e dei servizi che le offriamo.<\/p>\n<p style=\"margin-top: 0px; margin-bottom: 1.5rem; caret-color: #666666; color: #666666; font-family: 'Open Sans', sans-serif; font-size: 15px;\">In particolare questo sito web utilizza Google Analytics, un servizio analitico del web fornito da Google, Inc. con domicilio negli Stati Uniti con sede centrale in 1600 Amphitheatre Parkway, Mountain View, California 94043. Per la fornitura di questi servizi, si utilizzano cookies che raccolgono le informazioni, incluso l\u2019indirizzo IP dell\u2019utente, che saranno trasmesse, trattate e memorizzate da Google nei termini fissati nel sito Web Google.com. Includendo la possibile trasmissione di queste informazioni a terze parti per ragioni di esigenza legale o quando la terza parte processa le informazioni per conto di Google.<\/p>\n<p style=\"margin-top: 0px; margin-bottom: 1.5rem; caret-color: #666666; color: #666666; font-family: 'Open Sans', sans-serif; font-size: 15px;\">Ulteriori informazioni sulla politica della privacy di questi strumenti di analisi su: Google Analytics<\/p>\n<p style=\"margin-top: 0px; margin-bottom: 1.5rem; caret-color: #666666; color: #666666; font-family: 'Open Sans', sans-serif; font-size: 15px;\"><strong>Cookies di Social Network<\/strong><\/p>\n<p style=\"margin-top: 0px; margin-bottom: 1.5rem; caret-color: #666666; color: #666666; font-family: 'Open Sans', sans-serif; font-size: 15px;\"><strong>\u00a0<\/strong><\/p>\n<p style=\"margin-top: 0px; margin-bottom: 1.5rem; caret-color: #666666; color: #666666; font-family: 'Open Sans', sans-serif; font-size: 15px;\"><strong>Finalit\u00e0<\/strong><\/p>\n<p style=\"margin-top: 0px; margin-bottom: 1.5rem; caret-color: #666666; color: #666666; font-family: 'Open Sans', sans-serif; font-size: 15px;\">Nel nostro sito potrebbero essere presenti moduli di Social Network nei quali mostriamo i nostri followers, le nostre ultime pubblicazioni, foto o qualsiasi altro tipo di materiale grafico e\/o audio. Se lei \u00e8 registrato ad alcuni di questi social network e ha attivato una sessione continua, i cookies dei social network le consentono la interazione istantanea senza doversi loggare ad ogni interazione.<\/p>\n<p style=\"margin-top: 0px; margin-bottom: 1.5rem; caret-color: #666666; color: #666666; font-family: 'Open Sans', sans-serif; font-size: 15px;\">I cookies che potrebbero installarsi sul suo sistema sono:<\/p>\n<p style=\"margin-top: 0px; margin-bottom: 1.5rem; caret-color: #666666; color: #666666; font-family: 'Open Sans', sans-serif; font-size: 15px;\">-Facebook<\/p>\n<p style=\"margin-top: 0px; margin-bottom: 1.5rem; caret-color: #666666; color: #666666; font-family: 'Open Sans', sans-serif; font-size: 15px;\">-Twitter<\/p>\n<p style=\"margin-top: 0px; margin-bottom: 1.5rem; caret-color: #666666; color: #666666; font-family: 'Open Sans', sans-serif; font-size: 15px;\">-YouTube<\/p>\n<p style=\"margin-top: 0px; margin-bottom: 1.5rem; caret-color: #666666; color: #666666; font-family: 'Open Sans', sans-serif; font-size: 15px;\">-Google+<\/p>\n<p style=\"margin-top: 0px; margin-bottom: 1.5rem; caret-color: #666666; color: #666666; font-family: 'Open Sans', sans-serif; font-size: 15px;\"><strong>Usi specifici<\/strong><\/p>\n<p style=\"margin-top: 0px; margin-bottom: 1.5rem; caret-color: #666666; color: #666666; font-family: 'Open Sans', sans-serif; font-size: 15px;\">Consente l\u2019interazione dell\u2019utente registrato in un determinato social network con il nostro sito web.<\/p>\n<ol style=\"font-style: normal; font-variant-caps: normal; list-style-position: initial; list-style-image: initial; margin-top: 0px; margin-bottom: 1.5rem; margin-left: 2.5rem; caret-color: #666666; color: #666666; font-family: 'Open Sans', sans-serif; font-size: 15px;\" start=\"2\">\n<li style=\"margin-bottom: 0.5rem;\"><strong>Come disabilitare i cookies sul browser<\/strong><\/li>\n<\/ol>\n<p style=\"margin-top: 0px; margin-bottom: 1.5rem; caret-color: #666666; color: #666666; font-family: 'Open Sans', sans-serif; font-size: 15px;\">La maggior parte dei browser attualmente consentono all\u2019utente di configurare l\u2019accettazione o meno dei cookies e quali di questi. Queste impostazioni in genere si trovano nelle \u2018opzioni\u2019 o \u2018preferenze\u2019 del menu del suo browser.<\/p>\n<p style=\"margin-top: 0px; margin-bottom: 1.5rem; caret-color: #666666; color: #666666; font-family: 'Open Sans', sans-serif; font-size: 15px;\">Queste sono le istruzioni per configurare i cookies nei principali browser:<\/p>\n<p style=\"margin-top: 0px; margin-bottom: 1.5rem; caret-color: #666666; color: #666666; font-family: 'Open Sans', sans-serif; font-size: 15px;\"><strong>Chrome:<\/strong>\u00a0Configurazione-&gt;Mostra opzioni avanzate-&gt;Privacy-&gt;Configurazione dei contenuti.<\/p>\n<p style=\"margin-top: 0px; margin-bottom: 1.5rem; caret-color: #666666; color: #666666; font-family: 'Open Sans', sans-serif; font-size: 15px;\">Per ulteriori informazioni, pu\u00f2 consultare il supporto di Google o l\u2019Aiuto del Browser.<\/p>\n<p style=\"margin-top: 0px; margin-bottom: 1.5rem; caret-color: #666666; color: #666666; font-family: 'Open Sans', sans-serif; font-size: 15px;\"><strong>Firefox<\/strong>: Strumenti-&gt;Opzioni-&gt;Privacy-&gt;Cronologia-&gt;Configurazione personalizzata.<\/p>\n<p style=\"margin-top: 0px; margin-bottom: 1.5rem; caret-color: #666666; color: #666666; font-family: 'Open Sans', sans-serif; font-size: 15px;\">Per ulteriori informazioni, pu\u00f2 consultare il supporto di Mozilla o l\u2019Aiuto del browser.<\/p>\n<p style=\"margin-top: 0px; margin-bottom: 1.5rem; caret-color: #666666; color: #666666; font-family: 'Open Sans', sans-serif; font-size: 15px;\"><strong>Internet Explorer<\/strong>: Strumenti-&gt;Opzioni di Internet-&gt;Privacy-&gt;Configurazione.<\/p>\n<p style=\"margin-top: 0px; margin-bottom: 1.5rem; caret-color: #666666; color: #666666; font-family: 'Open Sans', sans-serif; font-size: 15px;\">Per ulteriori informazioni, pu\u00f2 consultare il supporto di Microsoft o l\u2019Aiuto del browser.<\/p>\n<p style=\"margin-top: 0px; margin-bottom: 1.5rem; caret-color: #666666; color: #666666; font-family: 'Open Sans', sans-serif; font-size: 15px;\"><strong>Safari:<\/strong>\u00a0Preferiti-&gt;Sicurezza<\/p>\n<p style=\"margin-top: 0px; margin-bottom: 1.5rem; caret-color: #666666; color: #666666; font-family: 'Open Sans', sans-serif; font-size: 15px;\">Per ulteriori informazioni, pu\u00f2 consultare il supporto di Apple o l\u2019Aiuto del browser.<\/p>\n<p style=\"margin-top: 0px; margin-bottom: 1.5rem; caret-color: #666666; color: #666666; font-family: 'Open Sans', sans-serif; font-size: 15px;\">L\u2019Utente accetta espressamente, per l\u2019utilizzo di questo sito, il trattamento delle informazioni richieste in forma e con le finalit\u00e0 anteriormente menzionate. E al tempo stesso riconosce la possibilit\u00e0 di rifiutare l\u2019utilizzo dei cookies tramite la selezione della configurazione appropriata a tale fine, durante la sua navigazione. Anche se l\u2019opzione di blocco dei Cookies sul suo browser potrebbe non permetterle il pieno utilizzo di tutte le funzionalit\u00e0 del sito web.<\/p>\n<p style=\"margin-top: 0px; margin-bottom: 1.5rem; caret-color: #666666; color: #666666; font-family: 'Open Sans', sans-serif; font-size: 15px;\">Se ha dei dubbi su questa politica dei cookies, pu\u00f2 contattare Capilclinic a\u00a0<a style=\"outline: 0px; background-color: transparent; transition-property: background-color, box-shadow, border, color, opacity, transform; transition-duration: 0.3s; text-decoration-skip: objects; color: #32beeb;\" href=\"mailto:info@CapilCLINIC.it\">info@CapilCLINIC.it<\/a><\/p>\n<p><a target=\"_blank\" rel=\"noopener noreferrer\"><br \/>\nFacebook-f<br \/>\n<\/a><br \/>\n<a target=\"_blank\" rel=\"noopener noreferrer\"><br \/>\nTwitter<br \/>\n<\/a><br \/>\n<a target=\"_blank\" rel=\"noopener noreferrer\"><br \/>\nInstagram<br \/>\n<\/a><br \/>\n<a target=\"_blank\" rel=\"noopener noreferrer\"><br \/>\nPinterest<br \/>\n<\/a><\/p>\n","protected":false},"excerpt":{"rendered":"<p>Politica dei Cookies I cookies sono files che si scaricano direttamente sul computer non appena si accede ad una determinata pagina web. I cookies permettono ad una pagina web, tra le altre cose, di memorizzare e recuperare informazioni sulle abitudini di navigazione di un utente o del suo sistema e a seconda delle informazioni che [&hellip;]<\/p>\n","protected":false},"author":2,"featured_media":0,"parent":0,"menu_order":0,"comment_status":"closed","ping_status":"closed","template":"","meta":{"footnotes":""},"class_list":["post-409","page","type-page","status-publish"],"yoast_head":"<!-- This site is optimized with the Yoast SEO plugin v25.9 - https:\/\/yoast.com\/wordpress\/plugins\/seo\/ -->\n<title>Politica sui cookie - MyCapil \u2714\ufe0f<\/title>\n<meta name=\"description\" content=\"En \u00e9ste art\u00edculo hablaremos de Politica sui cookie . En la categor\u00eda de . Visita nuestro blog\" \/>\n<meta name=\"robots\" content=\"index, follow, max-snippet:-1, max-image-preview:large, max-video-preview:-1\" \/>\n<link rel=\"canonical\" href=\"https:\/\/mycapil.com\/it\/politica-sui-cookie\/\" \/>\n<meta property=\"og:locale\" content=\"it_IT\" \/>\n<meta property=\"og:type\" content=\"article\" \/>\n<meta property=\"og:title\" content=\"Politica sui cookie - MyCapil \u2714\ufe0f\" \/>\n<meta property=\"og:description\" content=\"En \u00e9ste art\u00edculo hablaremos de Politica sui cookie . En la categor\u00eda de . Visita nuestro blog\" \/>\n<meta property=\"og:url\" content=\"https:\/\/mycapil.com\/it\/politica-sui-cookie\/\" \/>\n<meta property=\"og:site_name\" content=\"MyCapil\" \/>\n<meta property=\"article:modified_time\" content=\"2020-04-02T10:28:06+00:00\" \/>\n<meta property=\"og:image\" content=\"https:\/\/mycapil.com\/wp-content\/uploads\/2020\/04\/cookie-300x300.png\" \/>\n<meta name=\"twitter:card\" content=\"summary_large_image\" \/>\n<meta name=\"twitter:label1\" content=\"Est. reading time\" \/>\n\t<meta name=\"twitter:data1\" content=\"5 minutes\" \/>\n<script type=\"application\/ld+json\" class=\"yoast-schema-graph\">{\"@context\":\"https:\/\/schema.org\",\"@graph\":[{\"@type\":\"WebPage\",\"@id\":\"https:\/\/mycapil.com\/it\/politica-sui-cookie\/\",\"url\":\"https:\/\/mycapil.com\/it\/politica-sui-cookie\/\",\"name\":\"Politica sui cookie - MyCapil \u2714\ufe0f\",\"isPartOf\":{\"@id\":\"https:\/\/mycapil.com\/it\/#website\"},\"primaryImageOfPage\":{\"@id\":\"https:\/\/mycapil.com\/it\/politica-sui-cookie\/#primaryimage\"},\"image\":{\"@id\":\"https:\/\/mycapil.com\/it\/politica-sui-cookie\/#primaryimage\"},\"thumbnailUrl\":\"https:\/\/mycapil.com\/wp-content\/uploads\/2020\/04\/cookie-300x300.png\",\"datePublished\":\"2020-02-26T19:39:51+00:00\",\"dateModified\":\"2020-04-02T10:28:06+00:00\",\"description\":\"En \u00e9ste art\u00edculo hablaremos de Politica sui cookie . En la categor\u00eda de . Visita nuestro blog\",\"breadcrumb\":{\"@id\":\"https:\/\/mycapil.com\/it\/politica-sui-cookie\/#breadcrumb\"},\"inLanguage\":\"it\",\"potentialAction\":[{\"@type\":\"ReadAction\",\"target\":[\"https:\/\/mycapil.com\/it\/politica-sui-cookie\/\"]}]},{\"@type\":\"ImageObject\",\"inLanguage\":\"it\",\"@id\":\"https:\/\/mycapil.com\/it\/politica-sui-cookie\/#primaryimage\",\"url\":\"https:\/\/mycapil.com\/wp-content\/uploads\/2020\/04\/cookie-300x300.png\",\"contentUrl\":\"https:\/\/mycapil.com\/wp-content\/uploads\/2020\/04\/cookie-300x300.png\"},{\"@type\":\"BreadcrumbList\",\"@id\":\"https:\/\/mycapil.com\/it\/politica-sui-cookie\/#breadcrumb\",\"itemListElement\":[{\"@type\":\"ListItem\",\"position\":1,\"name\":\"Comienzo\",\"item\":\"https:\/\/mycapil.com\/it\/home\/\"},{\"@type\":\"ListItem\",\"position\":2,\"name\":\"Politica sui cookie\"}]},{\"@type\":\"WebSite\",\"@id\":\"https:\/\/mycapil.com\/it\/#website\",\"url\":\"https:\/\/mycapil.com\/it\/\",\"name\":\"MyCapil\",\"description\":\"Alopecia, perdita di capelli, capillare\",\"publisher\":{\"@id\":\"https:\/\/mycapil.com\/it\/#organization\"},\"potentialAction\":[{\"@type\":\"SearchAction\",\"target\":{\"@type\":\"EntryPoint\",\"urlTemplate\":\"https:\/\/mycapil.com\/it\/?s={search_term_string}\"},\"query-input\":{\"@type\":\"PropertyValueSpecification\",\"valueRequired\":true,\"valueName\":\"search_term_string\"}}],\"inLanguage\":\"it\"},{\"@type\":\"Organization\",\"@id\":\"https:\/\/mycapil.com\/it\/#organization\",\"name\":\"MyCapil\",\"url\":\"https:\/\/mycapil.com\/it\/\",\"logo\":{\"@type\":\"ImageObject\",\"inLanguage\":\"it\",\"@id\":\"https:\/\/mycapil.com\/it\/#\/schema\/logo\/image\/\",\"url\":\"https:\/\/mycapil.com\/wp-content\/uploads\/2020\/02\/Mycapil3.png\",\"contentUrl\":\"https:\/\/mycapil.com\/wp-content\/uploads\/2020\/02\/Mycapil3.png\",\"width\":339,\"height\":113,\"caption\":\"MyCapil\"},\"image\":{\"@id\":\"https:\/\/mycapil.com\/it\/#\/schema\/logo\/image\/\"}}]}<\/script>\n<!-- \/ Yoast SEO plugin. -->","yoast_head_json":{"title":"Politica sui cookie - MyCapil \u2714\ufe0f","description":"En \u00e9ste art\u00edculo hablaremos de Politica sui cookie . En la categor\u00eda de . Visita nuestro blog","robots":{"index":"index","follow":"follow","max-snippet":"max-snippet:-1","max-image-preview":"max-image-preview:large","max-video-preview":"max-video-preview:-1"},"canonical":"https:\/\/mycapil.com\/it\/politica-sui-cookie\/","og_locale":"it_IT","og_type":"article","og_title":"Politica sui cookie - MyCapil \u2714\ufe0f","og_description":"En \u00e9ste art\u00edculo hablaremos de Politica sui cookie . En la categor\u00eda de . Visita nuestro blog","og_url":"https:\/\/mycapil.com\/it\/politica-sui-cookie\/","og_site_name":"MyCapil","article_modified_time":"2020-04-02T10:28:06+00:00","og_image":[{"url":"https:\/\/mycapil.com\/wp-content\/uploads\/2020\/04\/cookie-300x300.png","type":"","width":"","height":""}],"twitter_card":"summary_large_image","twitter_misc":{"Est. reading time":"5 minutes"},"schema":{"@context":"https:\/\/schema.org","@graph":[{"@type":"WebPage","@id":"https:\/\/mycapil.com\/it\/politica-sui-cookie\/","url":"https:\/\/mycapil.com\/it\/politica-sui-cookie\/","name":"Politica sui cookie - MyCapil \u2714\ufe0f","isPartOf":{"@id":"https:\/\/mycapil.com\/it\/#website"},"primaryImageOfPage":{"@id":"https:\/\/mycapil.com\/it\/politica-sui-cookie\/#primaryimage"},"image":{"@id":"https:\/\/mycapil.com\/it\/politica-sui-cookie\/#primaryimage"},"thumbnailUrl":"https:\/\/mycapil.com\/wp-content\/uploads\/2020\/04\/cookie-300x300.png","datePublished":"2020-02-26T19:39:51+00:00","dateModified":"2020-04-02T10:28:06+00:00","description":"En \u00e9ste art\u00edculo hablaremos de Politica sui cookie . En la categor\u00eda de . Visita nuestro blog","breadcrumb":{"@id":"https:\/\/mycapil.com\/it\/politica-sui-cookie\/#breadcrumb"},"inLanguage":"it","potentialAction":[{"@type":"ReadAction","target":["https:\/\/mycapil.com\/it\/politica-sui-cookie\/"]}]},{"@type":"ImageObject","inLanguage":"it","@id":"https:\/\/mycapil.com\/it\/politica-sui-cookie\/#primaryimage","url":"https:\/\/mycapil.com\/wp-content\/uploads\/2020\/04\/cookie-300x300.png","contentUrl":"https:\/\/mycapil.com\/wp-content\/uploads\/2020\/04\/cookie-300x300.png"},{"@type":"BreadcrumbList","@id":"https:\/\/mycapil.com\/it\/politica-sui-cookie\/#breadcrumb","itemListElement":[{"@type":"ListItem","position":1,"name":"Comienzo","item":"https:\/\/mycapil.com\/it\/home\/"},{"@type":"ListItem","position":2,"name":"Politica sui cookie"}]},{"@type":"WebSite","@id":"https:\/\/mycapil.com\/it\/#website","url":"https:\/\/mycapil.com\/it\/","name":"MyCapil","description":"Alopecia, perdita di capelli, capillare","publisher":{"@id":"https:\/\/mycapil.com\/it\/#organization"},"potentialAction":[{"@type":"SearchAction","target":{"@type":"EntryPoint","urlTemplate":"https:\/\/mycapil.com\/it\/?s={search_term_string}"},"query-input":{"@type":"PropertyValueSpecification","valueRequired":true,"valueName":"search_term_string"}}],"inLanguage":"it"},{"@type":"Organization","@id":"https:\/\/mycapil.com\/it\/#organization","name":"MyCapil","url":"https:\/\/mycapil.com\/it\/","logo":{"@type":"ImageObject","inLanguage":"it","@id":"https:\/\/mycapil.com\/it\/#\/schema\/logo\/image\/","url":"https:\/\/mycapil.com\/wp-content\/uploads\/2020\/02\/Mycapil3.png","contentUrl":"https:\/\/mycapil.com\/wp-content\/uploads\/2020\/02\/Mycapil3.png","width":339,"height":113,"caption":"MyCapil"},"image":{"@id":"https:\/\/mycapil.com\/it\/#\/schema\/logo\/image\/"}}]}},"_links":{"self":[{"href":"https:\/\/mycapil.com\/it\/wp-json\/wp\/v2\/pages\/409","targetHints":{"allow":["GET"]}}],"collection":[{"href":"https:\/\/mycapil.com\/it\/wp-json\/wp\/v2\/pages"}],"about":[{"href":"https:\/\/mycapil.com\/it\/wp-json\/wp\/v2\/types\/page"}],"author":[{"embeddable":true,"href":"https:\/\/mycapil.com\/it\/wp-json\/wp\/v2\/users\/2"}],"replies":[{"embeddable":true,"href":"https:\/\/mycapil.com\/it\/wp-json\/wp\/v2\/comments?post=409"}],"version-history":[{"count":6,"href":"https:\/\/mycapil.com\/it\/wp-json\/wp\/v2\/pages\/409\/revisions"}],"predecessor-version":[{"id":1889,"href":"https:\/\/mycapil.com\/it\/wp-json\/wp\/v2\/pages\/409\/revisions\/1889"}],"wp:attachment":[{"href":"https:\/\/mycapil.com\/it\/wp-json\/wp\/v2\/media?parent=409"}],"curies":[{"name":"wp","href":"https:\/\/api.w.org\/{rel}","templated":true}]}}