{"id":3577,"date":"2021-07-14T08:56:33","date_gmt":"2021-07-14T12:56:33","guid":{"rendered":"https:\/\/nuevaweb.mycapil.com\/perda-de-cabelo\/"},"modified":"2021-07-15T08:56:42","modified_gmt":"2021-07-15T12:56:42","slug":"perda-de-cabelo","status":"publish","type":"page","link":"https:\/\/mycapil.com\/pt-br\/perda-de-cabelo\/","title":{"rendered":"Perda de cabelo"},"content":{"rendered":"<p>The current query has no posts. Please make sure you have published items matching your query.<\/p>\n","protected":false},"excerpt":{"rendered":"<p>The current query has no posts. Please make sure you have published items matching your query.<\/p>\n","protected":false},"author":2,"featured_media":0,"parent":0,"menu_order":0,"comment_status":"closed","ping_status":"closed","template":"","meta":{"footnotes":""},"class_list":["post-3577","page","type-page","status-publish"],"yoast_head":"<!-- This site is optimized with the Yoast SEO plugin v25.9 - https:\/\/yoast.com\/wordpress\/plugins\/seo\/ -->\n<title>Os melhores artigos sobre queda de cabelo em homens e mulheres<\/title>\n<meta name=\"description\" content=\"Lendo nossos artigos voc\u00ea conhecer\u00e1 os diferentes motivos da queda de cabelo em homens e mulheres e como resolv\u00ea-los.\" \/>\n<meta name=\"robots\" content=\"index, follow, max-snippet:-1, max-image-preview:large, max-video-preview:-1\" \/>\n<link rel=\"canonical\" href=\"https:\/\/mycapil.com\/pt-br\/perda-de-cabelo\/\" \/>\n<meta property=\"og:locale\" content=\"pt_PT\" \/>\n<meta property=\"og:type\" content=\"article\" \/>\n<meta property=\"og:title\" content=\"Os melhores artigos sobre queda de cabelo em homens e mulheres\" \/>\n<meta property=\"og:description\" content=\"Lendo nossos artigos voc\u00ea conhecer\u00e1 os diferentes motivos da queda de cabelo em homens e mulheres e como resolv\u00ea-los.\" \/>\n<meta property=\"og:url\" content=\"https:\/\/mycapil.com\/pt-br\/perda-de-cabelo\/\" \/>\n<meta property=\"og:site_name\" content=\"MyCapil\" \/>\n<meta property=\"article:modified_time\" content=\"2021-07-15T12:56:42+00:00\" \/>\n<meta name=\"twitter:card\" content=\"summary_large_image\" \/>\n<meta name=\"twitter:label1\" content=\"Est. reading time\" \/>\n\t<meta name=\"twitter:data1\" content=\"1 minute\" \/>\n<script type=\"application\/ld+json\" class=\"yoast-schema-graph\">{\"@context\":\"https:\/\/schema.org\",\"@graph\":[{\"@type\":\"WebPage\",\"@id\":\"https:\/\/mycapil.com\/pt-br\/perda-de-cabelo\/\",\"url\":\"https:\/\/mycapil.com\/pt-br\/perda-de-cabelo\/\",\"name\":\"Os melhores artigos sobre queda de cabelo em homens e mulheres\",\"isPartOf\":{\"@id\":\"https:\/\/mycapil.com\/pt-br\/#website\"},\"datePublished\":\"2021-07-14T12:56:33+00:00\",\"dateModified\":\"2021-07-15T12:56:42+00:00\",\"description\":\"Lendo nossos artigos voc\u00ea conhecer\u00e1 os diferentes motivos da queda de cabelo em homens e mulheres e como resolv\u00ea-los.\",\"breadcrumb\":{\"@id\":\"https:\/\/mycapil.com\/pt-br\/perda-de-cabelo\/#breadcrumb\"},\"inLanguage\":\"pt\",\"potentialAction\":[{\"@type\":\"ReadAction\",\"target\":[\"https:\/\/mycapil.com\/pt-br\/perda-de-cabelo\/\"]}]},{\"@type\":\"BreadcrumbList\",\"@id\":\"https:\/\/mycapil.com\/pt-br\/perda-de-cabelo\/#breadcrumb\",\"itemListElement\":[{\"@type\":\"ListItem\",\"position\":1,\"name\":\"Home\",\"item\":\"https:\/\/mycapil.com\/pt-br\/\"},{\"@type\":\"ListItem\",\"position\":2,\"name\":\"Perda de cabelo\"}]},{\"@type\":\"WebSite\",\"@id\":\"https:\/\/mycapil.com\/pt-br\/#website\",\"url\":\"https:\/\/mycapil.com\/pt-br\/\",\"name\":\"MyCapil\",\"description\":\"Alopecia, queda de cabelo, capilar\",\"publisher\":{\"@id\":\"https:\/\/mycapil.com\/pt-br\/#organization\"},\"potentialAction\":[{\"@type\":\"SearchAction\",\"target\":{\"@type\":\"EntryPoint\",\"urlTemplate\":\"https:\/\/mycapil.com\/pt-br\/?s={search_term_string}\"},\"query-input\":{\"@type\":\"PropertyValueSpecification\",\"valueRequired\":true,\"valueName\":\"search_term_string\"}}],\"inLanguage\":\"pt\"},{\"@type\":\"Organization\",\"@id\":\"https:\/\/mycapil.com\/pt-br\/#organization\",\"name\":\"MyCapil\",\"url\":\"https:\/\/mycapil.com\/pt-br\/\",\"logo\":{\"@type\":\"ImageObject\",\"inLanguage\":\"pt\",\"@id\":\"https:\/\/mycapil.com\/pt-br\/#\/schema\/logo\/image\/\",\"url\":\"https:\/\/mycapil.com\/wp-content\/uploads\/2020\/02\/Mycapil3.png\",\"contentUrl\":\"https:\/\/mycapil.com\/wp-content\/uploads\/2020\/02\/Mycapil3.png\",\"width\":339,\"height\":113,\"caption\":\"MyCapil\"},\"image\":{\"@id\":\"https:\/\/mycapil.com\/pt-br\/#\/schema\/logo\/image\/\"}}]}<\/script>\n<!-- \/ Yoast SEO plugin. -->","yoast_head_json":{"title":"Os melhores artigos sobre queda de cabelo em homens e mulheres","description":"Lendo nossos artigos voc\u00ea conhecer\u00e1 os diferentes motivos da queda de cabelo em homens e mulheres e como resolv\u00ea-los.","robots":{"index":"index","follow":"follow","max-snippet":"max-snippet:-1","max-image-preview":"max-image-preview:large","max-video-preview":"max-video-preview:-1"},"canonical":"https:\/\/mycapil.com\/pt-br\/perda-de-cabelo\/","og_locale":"pt_PT","og_type":"article","og_title":"Os melhores artigos sobre queda de cabelo em homens e mulheres","og_description":"Lendo nossos artigos voc\u00ea conhecer\u00e1 os diferentes motivos da queda de cabelo em homens e mulheres e como resolv\u00ea-los.","og_url":"https:\/\/mycapil.com\/pt-br\/perda-de-cabelo\/","og_site_name":"MyCapil","article_modified_time":"2021-07-15T12:56:42+00:00","twitter_card":"summary_large_image","twitter_misc":{"Est. reading time":"1 minute"},"schema":{"@context":"https:\/\/schema.org","@graph":[{"@type":"WebPage","@id":"https:\/\/mycapil.com\/pt-br\/perda-de-cabelo\/","url":"https:\/\/mycapil.com\/pt-br\/perda-de-cabelo\/","name":"Os melhores artigos sobre queda de cabelo em homens e mulheres","isPartOf":{"@id":"https:\/\/mycapil.com\/pt-br\/#website"},"datePublished":"2021-07-14T12:56:33+00:00","dateModified":"2021-07-15T12:56:42+00:00","description":"Lendo nossos artigos voc\u00ea conhecer\u00e1 os diferentes motivos da queda de cabelo em homens e mulheres e como resolv\u00ea-los.","breadcrumb":{"@id":"https:\/\/mycapil.com\/pt-br\/perda-de-cabelo\/#breadcrumb"},"inLanguage":"pt","potentialAction":[{"@type":"ReadAction","target":["https:\/\/mycapil.com\/pt-br\/perda-de-cabelo\/"]}]},{"@type":"BreadcrumbList","@id":"https:\/\/mycapil.com\/pt-br\/perda-de-cabelo\/#breadcrumb","itemListElement":[{"@type":"ListItem","position":1,"name":"Home","item":"https:\/\/mycapil.com\/pt-br\/"},{"@type":"ListItem","position":2,"name":"Perda de cabelo"}]},{"@type":"WebSite","@id":"https:\/\/mycapil.com\/pt-br\/#website","url":"https:\/\/mycapil.com\/pt-br\/","name":"MyCapil","description":"Alopecia, queda de cabelo, capilar","publisher":{"@id":"https:\/\/mycapil.com\/pt-br\/#organization"},"potentialAction":[{"@type":"SearchAction","target":{"@type":"EntryPoint","urlTemplate":"https:\/\/mycapil.com\/pt-br\/?s={search_term_string}"},"query-input":{"@type":"PropertyValueSpecification","valueRequired":true,"valueName":"search_term_string"}}],"inLanguage":"pt"},{"@type":"Organization","@id":"https:\/\/mycapil.com\/pt-br\/#organization","name":"MyCapil","url":"https:\/\/mycapil.com\/pt-br\/","logo":{"@type":"ImageObject","inLanguage":"pt","@id":"https:\/\/mycapil.com\/pt-br\/#\/schema\/logo\/image\/","url":"https:\/\/mycapil.com\/wp-content\/uploads\/2020\/02\/Mycapil3.png","contentUrl":"https:\/\/mycapil.com\/wp-content\/uploads\/2020\/02\/Mycapil3.png","width":339,"height":113,"caption":"MyCapil"},"image":{"@id":"https:\/\/mycapil.com\/pt-br\/#\/schema\/logo\/image\/"}}]}},"_links":{"self":[{"href":"https:\/\/mycapil.com\/pt-br\/wp-json\/wp\/v2\/pages\/3577","targetHints":{"allow":["GET"]}}],"collection":[{"href":"https:\/\/mycapil.com\/pt-br\/wp-json\/wp\/v2\/pages"}],"about":[{"href":"https:\/\/mycapil.com\/pt-br\/wp-json\/wp\/v2\/types\/page"}],"author":[{"embeddable":true,"href":"https:\/\/mycapil.com\/pt-br\/wp-json\/wp\/v2\/users\/2"}],"replies":[{"embeddable":true,"href":"https:\/\/mycapil.com\/pt-br\/wp-json\/wp\/v2\/comments?post=3577"}],"version-history":[{"count":10,"href":"https:\/\/mycapil.com\/pt-br\/wp-json\/wp\/v2\/pages\/3577\/revisions"}],"predecessor-version":[{"id":3929,"href":"https:\/\/mycapil.com\/pt-br\/wp-json\/wp\/v2\/pages\/3577\/revisions\/3929"}],"wp:attachment":[{"href":"https:\/\/mycapil.com\/pt-br\/wp-json\/wp\/v2\/media?parent=3577"}],"curies":[{"name":"wp","href":"https:\/\/api.w.org\/{rel}","templated":true}]}}