{"id":742,"date":"2020-03-03T10:54:20","date_gmt":"2020-03-03T14:54:20","guid":{"rendered":"https:\/\/mycapil.com\/?page_id=742"},"modified":"2022-02-04T04:30:55","modified_gmt":"2022-02-04T08:30:55","slug":"politica-de-privacidade","status":"publish","type":"page","link":"https:\/\/mycapil.com\/pt-br\/politica-de-privacidade\/","title":{"rendered":"Pol\u00edtica de privacidade"},"content":{"rendered":"<p><img loading=\"lazy\" decoding=\"async\" src=\"https:\/\/mycapil.com\/wp-content\/uploads\/2020\/03\/LogoWebBlue-300x82.png\" sizes=\"auto, (max-width: 300px) 100vw, 300px\" srcset=\"https:\/\/mycapil.com\/wp-content\/uploads\/2020\/03\/LogoWebBlue-300x82.png 300w, https:\/\/mycapil.com\/wp-content\/uploads\/2020\/03\/LogoWebBlue-360x99.png 360w, https:\/\/mycapil.com\/wp-content\/uploads\/2020\/03\/LogoWebBlue-262x72.png 262w, https:\/\/mycapil.com\/wp-content\/uploads\/2020\/03\/LogoWebBlue.png 412w\" alt=\"\" width=\"300\" height=\"82\" \/><\/p>\n<h2>Politica de Confidencialidade<\/h2>\n<p>Sem preju\u00edzo do disposto na legisla\u00e7\u00e3o aplic\u00e1vel, as partes assumem o mais estrito dever de confidencialidade em rela\u00e7\u00e3o ao conte\u00fado das conversas, negocia\u00e7\u00f5es, a\u00e7\u00f5es relacionadas ao objetivo de contratar os servi\u00e7os, concordando em n\u00e3o divulgar, no todo ou em parte, seu conte\u00fado. a terceiros sem a autoriza\u00e7\u00e3o pr\u00e9via por escrito das outras partes. Dados Pessoais A CAPILCLINIC considera de grande import\u00e2ncia a prote\u00e7\u00e3o e seguran\u00e7a dos dados pessoais dos USU\u00c1RIOS. A CAPILCLINIC compromete-se a respeitar o tempo todo os regulamentos atuais sobre a prote\u00e7\u00e3o de dados pessoais. Os dados pessoais fornecidos pelo USU\u00c1RIO no formul\u00e1rio de registro e, aqueles fornecidos no futuro sob a Proposta de Oferta, ser\u00e3o incorporados a um arquivo de dados pessoais de propriedade da CAPILCLINIC que processar\u00e1 os dados do USU\u00c1RIO para o gerenciamento dos servi\u00e7os detalhados nesta plataforma, bem como o envio da newsletter CAPLICLINIC e informa\u00e7\u00f5es comerciais relacionadas a seus servi\u00e7os. O USU\u00c1RIO pode, a qualquer momento, exercer seus direitos de acesso, retifica\u00e7\u00e3o, cancelamento e oposi\u00e7\u00e3o entrando em contato com:\u00a0info@mycapil.com<\/p>\n<p>Da mesma forma, o MYCAPIL tratar\u00e1 os dados aos quais tem acesso de acordo com as instru\u00e7\u00f5es do USU\u00c1RIO, n\u00e3o os aplicando ou utilizando-os para outros fins que n\u00e3o os estabelecidos neste documento. A coleta de dados pelo MYCAPIL \u00e9 realizada com o objetivo de procurar a assist\u00eancia de um m\u00e9dico para realizar o transplante capilar. Informamos que solicitaremos sua colabora\u00e7\u00e3o para que as informa\u00e7\u00f5es sejam as mais precisas poss\u00edveis, verdadeiras e completas para melhor diagn\u00f3stico e tratamento. Os dados solicitados s\u00e3o necess\u00e1rios, de modo que, se n\u00e3o forem fornecidos, n\u00e3o ser\u00e1 poss\u00edvel formalizar o relacionamento desejado. No caso de agir em nome de menores ou pessoas com defici\u00eancia, ser\u00e1 solicitado que comprovem a referida condi\u00e7\u00e3o, levando em considera\u00e7\u00e3o o bem da parte representada. O m\u00e9dico pode solicitar fotografias para melhor diagn\u00f3stico e tratamento. Ap\u00f3s a conclus\u00e3o do servi\u00e7o, a pedido do USU\u00c1RIO, ele destruir\u00e1 ou retornar\u00e1 ao USU\u00c1RIO todas as informa\u00e7\u00f5es \u00e0s quais teve acesso, exceto os dados que devem ser mantidos bloqueados quando houver uma disposi\u00e7\u00e3o legal que exija sua conserva\u00e7\u00e3o. De acordo com as disposi\u00e7\u00f5es da Diretiva da UE 95\/46 \/ EC e do Artigo 11 da LOPD, informamos que, ao contratar os produtos e servi\u00e7os que oferecemos em nossa Plataforma, devemos comunicar seus dados pessoais (1) aos Provedores dos servi\u00e7os oferecidos, que ser\u00e3o obrigados a usar seus dados apenas e exclusivamente para cumprir a entrega do produto ou a presta\u00e7\u00e3o do servi\u00e7o contratado.<\/p>\n<p>Lei aplic\u00e1vel e resolu\u00e7\u00e3o de disputas<\/p>\n<p>Estas condi\u00e7\u00f5es gerais s\u00e3o regidas pela lei espanhola. As partes submetem, a seu crit\u00e9rio, a resolu\u00e7\u00e3o de conflitos e ren\u00fancia a qualquer outra jurisdi\u00e7\u00e3o, aos tribunais e tribunais do domic\u00edlio do usu\u00e1rio. Da mesma forma, como uma entidade vinculada ao Confianza Online e nos termos de seu C\u00f3digo de \u00c9tica, em caso de disputas relacionadas \u00e0 contrata\u00e7\u00e3o e publicidade on-line, prote\u00e7\u00e3o de dados e prote\u00e7\u00e3o de menores, o usu\u00e1rio pode recorrer ao sistema de resolu\u00e7\u00e3o extrajudicial de disputas de confian\u00e7a. Online (www.confianzaonline.es).<\/p>\n<p>Aten\u00e7\u00e3o do USU\u00c1RIO<\/p>\n<p>O USU\u00c1RIO pode acessar a MYCAPIL pelos meios habilitados em sua p\u00e1gina ou pelo e-mail info@MYCAPIL.com, bem como pelo n\u00famero de telefone indicado no site e na Proposta de Oferta para solicitar informa\u00e7\u00f5es sobre os Servi\u00e7os.<\/p>\n<p>Subcontratados<\/p>\n<p>A MYCAPIL se reserva o direito de solicitar os servi\u00e7os contratuais que possam ser necess\u00e1rios a terceiros como agentes, sem o consentimento pr\u00e9vio do USU\u00c1RIO.<\/p>\n<p>Transfer\u00eancia de contrato<\/p>\n<p>A MYCAPIL se reserva o direito de modificar e transferir contratos existentes com o USU\u00c1RIO com um m\u00e9dico afiliado \u00e0 MYCAPIL, garantindo os mesmos termos e condi\u00e7\u00f5es que o Usu\u00e1rio aceitou.<\/p>\n<p><a target=\"_blank\" rel=\"noopener noreferrer\"><br \/>\nFacebook-f<br \/>\n<\/a><br \/>\n<a target=\"_blank\" rel=\"noopener noreferrer\"><br \/>\nTwitter<br \/>\n<\/a><br \/>\n<a target=\"_blank\" rel=\"noopener noreferrer\"><br \/>\nInstagram<br \/>\n<\/a><br \/>\n<a target=\"_blank\" rel=\"noopener noreferrer\"><br \/>\nPinterest<br \/>\n<\/a><\/p>\n","protected":false},"excerpt":{"rendered":"<p>Politica de Confidencialidade Sem preju\u00edzo do disposto na legisla\u00e7\u00e3o aplic\u00e1vel, as partes assumem o mais estrito dever de confidencialidade em rela\u00e7\u00e3o ao conte\u00fado das conversas, negocia\u00e7\u00f5es, a\u00e7\u00f5es relacionadas ao objetivo de contratar os servi\u00e7os, concordando em n\u00e3o divulgar, no todo ou em parte, seu conte\u00fado. a terceiros sem a autoriza\u00e7\u00e3o pr\u00e9via por escrito das outras [&hellip;]<\/p>\n","protected":false},"author":2,"featured_media":0,"parent":0,"menu_order":0,"comment_status":"closed","ping_status":"closed","template":"","meta":{"footnotes":""},"class_list":["post-742","page","type-page","status-publish"],"yoast_head":"<!-- This site is optimized with the Yoast SEO plugin v25.9 - https:\/\/yoast.com\/wordpress\/plugins\/seo\/ -->\n<title>Pol\u00edtica de privacidade - MyCapil \u2714\ufe0f<\/title>\n<meta name=\"description\" content=\"En \u00e9ste art\u00edculo hablaremos de Pol\u00edtica de privacidade . En la categor\u00eda de . Visita nuestro blog\" \/>\n<meta name=\"robots\" content=\"index, follow, max-snippet:-1, max-image-preview:large, max-video-preview:-1\" \/>\n<link rel=\"canonical\" href=\"https:\/\/mycapil.com\/pt-br\/politica-de-privacidade\/\" \/>\n<meta property=\"og:locale\" content=\"pt_PT\" \/>\n<meta property=\"og:type\" content=\"article\" \/>\n<meta property=\"og:title\" content=\"Pol\u00edtica de privacidade - MyCapil \u2714\ufe0f\" \/>\n<meta property=\"og:description\" content=\"En \u00e9ste art\u00edculo hablaremos de Pol\u00edtica de privacidade . En la categor\u00eda de . Visita nuestro blog\" \/>\n<meta property=\"og:url\" content=\"https:\/\/mycapil.com\/pt-br\/politica-de-privacidade\/\" \/>\n<meta property=\"og:site_name\" content=\"MyCapil\" \/>\n<meta property=\"article:modified_time\" content=\"2022-02-04T08:30:55+00:00\" \/>\n<meta property=\"og:image\" content=\"https:\/\/mycapil.com\/wp-content\/uploads\/2020\/03\/LogoWebBlue-300x82.png\" \/>\n<meta name=\"twitter:card\" content=\"summary_large_image\" \/>\n<meta name=\"twitter:label1\" content=\"Est. reading time\" \/>\n\t<meta name=\"twitter:data1\" content=\"3 minutes\" \/>\n<script type=\"application\/ld+json\" class=\"yoast-schema-graph\">{\"@context\":\"https:\/\/schema.org\",\"@graph\":[{\"@type\":\"WebPage\",\"@id\":\"https:\/\/mycapil.com\/pt-br\/politica-de-privacidade\/\",\"url\":\"https:\/\/mycapil.com\/pt-br\/politica-de-privacidade\/\",\"name\":\"Pol\u00edtica de privacidade - MyCapil \u2714\ufe0f\",\"isPartOf\":{\"@id\":\"https:\/\/mycapil.com\/pt-br\/#website\"},\"primaryImageOfPage\":{\"@id\":\"https:\/\/mycapil.com\/pt-br\/politica-de-privacidade\/#primaryimage\"},\"image\":{\"@id\":\"https:\/\/mycapil.com\/pt-br\/politica-de-privacidade\/#primaryimage\"},\"thumbnailUrl\":\"https:\/\/mycapil.com\/wp-content\/uploads\/2020\/03\/LogoWebBlue-300x82.png\",\"datePublished\":\"2020-03-03T14:54:20+00:00\",\"dateModified\":\"2022-02-04T08:30:55+00:00\",\"description\":\"En \u00e9ste art\u00edculo hablaremos de Pol\u00edtica de privacidade . En la categor\u00eda de . Visita nuestro blog\",\"breadcrumb\":{\"@id\":\"https:\/\/mycapil.com\/pt-br\/politica-de-privacidade\/#breadcrumb\"},\"inLanguage\":\"pt\",\"potentialAction\":[{\"@type\":\"ReadAction\",\"target\":[\"https:\/\/mycapil.com\/pt-br\/politica-de-privacidade\/\"]}]},{\"@type\":\"ImageObject\",\"inLanguage\":\"pt\",\"@id\":\"https:\/\/mycapil.com\/pt-br\/politica-de-privacidade\/#primaryimage\",\"url\":\"https:\/\/mycapil.com\/wp-content\/uploads\/2020\/03\/LogoWebBlue-300x82.png\",\"contentUrl\":\"https:\/\/mycapil.com\/wp-content\/uploads\/2020\/03\/LogoWebBlue-300x82.png\"},{\"@type\":\"BreadcrumbList\",\"@id\":\"https:\/\/mycapil.com\/pt-br\/politica-de-privacidade\/#breadcrumb\",\"itemListElement\":[{\"@type\":\"ListItem\",\"position\":1,\"name\":\"Home\",\"item\":\"https:\/\/mycapil.com\/pt-br\/\"},{\"@type\":\"ListItem\",\"position\":2,\"name\":\"Pol\u00edtica de privacidade\"}]},{\"@type\":\"WebSite\",\"@id\":\"https:\/\/mycapil.com\/pt-br\/#website\",\"url\":\"https:\/\/mycapil.com\/pt-br\/\",\"name\":\"MyCapil\",\"description\":\"Alopecia, queda de cabelo, capilar\",\"publisher\":{\"@id\":\"https:\/\/mycapil.com\/pt-br\/#organization\"},\"potentialAction\":[{\"@type\":\"SearchAction\",\"target\":{\"@type\":\"EntryPoint\",\"urlTemplate\":\"https:\/\/mycapil.com\/pt-br\/?s={search_term_string}\"},\"query-input\":{\"@type\":\"PropertyValueSpecification\",\"valueRequired\":true,\"valueName\":\"search_term_string\"}}],\"inLanguage\":\"pt\"},{\"@type\":\"Organization\",\"@id\":\"https:\/\/mycapil.com\/pt-br\/#organization\",\"name\":\"MyCapil\",\"url\":\"https:\/\/mycapil.com\/pt-br\/\",\"logo\":{\"@type\":\"ImageObject\",\"inLanguage\":\"pt\",\"@id\":\"https:\/\/mycapil.com\/pt-br\/#\/schema\/logo\/image\/\",\"url\":\"https:\/\/mycapil.com\/wp-content\/uploads\/2020\/02\/Mycapil3.png\",\"contentUrl\":\"https:\/\/mycapil.com\/wp-content\/uploads\/2020\/02\/Mycapil3.png\",\"width\":339,\"height\":113,\"caption\":\"MyCapil\"},\"image\":{\"@id\":\"https:\/\/mycapil.com\/pt-br\/#\/schema\/logo\/image\/\"}}]}<\/script>\n<!-- \/ Yoast SEO plugin. -->","yoast_head_json":{"title":"Pol\u00edtica de privacidade - MyCapil \u2714\ufe0f","description":"En \u00e9ste art\u00edculo hablaremos de Pol\u00edtica de privacidade . En la categor\u00eda de . Visita nuestro blog","robots":{"index":"index","follow":"follow","max-snippet":"max-snippet:-1","max-image-preview":"max-image-preview:large","max-video-preview":"max-video-preview:-1"},"canonical":"https:\/\/mycapil.com\/pt-br\/politica-de-privacidade\/","og_locale":"pt_PT","og_type":"article","og_title":"Pol\u00edtica de privacidade - MyCapil \u2714\ufe0f","og_description":"En \u00e9ste art\u00edculo hablaremos de Pol\u00edtica de privacidade . En la categor\u00eda de . Visita nuestro blog","og_url":"https:\/\/mycapil.com\/pt-br\/politica-de-privacidade\/","og_site_name":"MyCapil","article_modified_time":"2022-02-04T08:30:55+00:00","og_image":[{"url":"https:\/\/mycapil.com\/wp-content\/uploads\/2020\/03\/LogoWebBlue-300x82.png","type":"","width":"","height":""}],"twitter_card":"summary_large_image","twitter_misc":{"Est. reading time":"3 minutes"},"schema":{"@context":"https:\/\/schema.org","@graph":[{"@type":"WebPage","@id":"https:\/\/mycapil.com\/pt-br\/politica-de-privacidade\/","url":"https:\/\/mycapil.com\/pt-br\/politica-de-privacidade\/","name":"Pol\u00edtica de privacidade - MyCapil \u2714\ufe0f","isPartOf":{"@id":"https:\/\/mycapil.com\/pt-br\/#website"},"primaryImageOfPage":{"@id":"https:\/\/mycapil.com\/pt-br\/politica-de-privacidade\/#primaryimage"},"image":{"@id":"https:\/\/mycapil.com\/pt-br\/politica-de-privacidade\/#primaryimage"},"thumbnailUrl":"https:\/\/mycapil.com\/wp-content\/uploads\/2020\/03\/LogoWebBlue-300x82.png","datePublished":"2020-03-03T14:54:20+00:00","dateModified":"2022-02-04T08:30:55+00:00","description":"En \u00e9ste art\u00edculo hablaremos de Pol\u00edtica de privacidade . En la categor\u00eda de . Visita nuestro blog","breadcrumb":{"@id":"https:\/\/mycapil.com\/pt-br\/politica-de-privacidade\/#breadcrumb"},"inLanguage":"pt","potentialAction":[{"@type":"ReadAction","target":["https:\/\/mycapil.com\/pt-br\/politica-de-privacidade\/"]}]},{"@type":"ImageObject","inLanguage":"pt","@id":"https:\/\/mycapil.com\/pt-br\/politica-de-privacidade\/#primaryimage","url":"https:\/\/mycapil.com\/wp-content\/uploads\/2020\/03\/LogoWebBlue-300x82.png","contentUrl":"https:\/\/mycapil.com\/wp-content\/uploads\/2020\/03\/LogoWebBlue-300x82.png"},{"@type":"BreadcrumbList","@id":"https:\/\/mycapil.com\/pt-br\/politica-de-privacidade\/#breadcrumb","itemListElement":[{"@type":"ListItem","position":1,"name":"Home","item":"https:\/\/mycapil.com\/pt-br\/"},{"@type":"ListItem","position":2,"name":"Pol\u00edtica de privacidade"}]},{"@type":"WebSite","@id":"https:\/\/mycapil.com\/pt-br\/#website","url":"https:\/\/mycapil.com\/pt-br\/","name":"MyCapil","description":"Alopecia, queda de cabelo, capilar","publisher":{"@id":"https:\/\/mycapil.com\/pt-br\/#organization"},"potentialAction":[{"@type":"SearchAction","target":{"@type":"EntryPoint","urlTemplate":"https:\/\/mycapil.com\/pt-br\/?s={search_term_string}"},"query-input":{"@type":"PropertyValueSpecification","valueRequired":true,"valueName":"search_term_string"}}],"inLanguage":"pt"},{"@type":"Organization","@id":"https:\/\/mycapil.com\/pt-br\/#organization","name":"MyCapil","url":"https:\/\/mycapil.com\/pt-br\/","logo":{"@type":"ImageObject","inLanguage":"pt","@id":"https:\/\/mycapil.com\/pt-br\/#\/schema\/logo\/image\/","url":"https:\/\/mycapil.com\/wp-content\/uploads\/2020\/02\/Mycapil3.png","contentUrl":"https:\/\/mycapil.com\/wp-content\/uploads\/2020\/02\/Mycapil3.png","width":339,"height":113,"caption":"MyCapil"},"image":{"@id":"https:\/\/mycapil.com\/pt-br\/#\/schema\/logo\/image\/"}}]}},"_links":{"self":[{"href":"https:\/\/mycapil.com\/pt-br\/wp-json\/wp\/v2\/pages\/742","targetHints":{"allow":["GET"]}}],"collection":[{"href":"https:\/\/mycapil.com\/pt-br\/wp-json\/wp\/v2\/pages"}],"about":[{"href":"https:\/\/mycapil.com\/pt-br\/wp-json\/wp\/v2\/types\/page"}],"author":[{"embeddable":true,"href":"https:\/\/mycapil.com\/pt-br\/wp-json\/wp\/v2\/users\/2"}],"replies":[{"embeddable":true,"href":"https:\/\/mycapil.com\/pt-br\/wp-json\/wp\/v2\/comments?post=742"}],"version-history":[{"count":4,"href":"https:\/\/mycapil.com\/pt-br\/wp-json\/wp\/v2\/pages\/742\/revisions"}],"predecessor-version":[{"id":6266,"href":"https:\/\/mycapil.com\/pt-br\/wp-json\/wp\/v2\/pages\/742\/revisions\/6266"}],"wp:attachment":[{"href":"https:\/\/mycapil.com\/pt-br\/wp-json\/wp\/v2\/media?parent=742"}],"curies":[{"name":"wp","href":"https:\/\/api.w.org\/{rel}","templated":true}]}}