{"id":744,"date":"2020-03-03T10:54:40","date_gmt":"2020-03-03T14:54:40","guid":{"rendered":"https:\/\/mycapil.com\/?page_id=744"},"modified":"2020-03-18T05:41:32","modified_gmt":"2020-03-18T09:41:32","slug":"politica-de-cookies","status":"publish","type":"page","link":"https:\/\/mycapil.com\/pt-br\/politica-de-cookies\/","title":{"rendered":"Pol\u00edtica de cookies"},"content":{"rendered":"<p><img decoding=\"async\" src=\"https:\/\/mycapil.com\/wp-content\/uploads\/elementor\/thumbs\/LogoWebBlue-omp05avkcp4wn56yv2oyv3culvtyf6yrun7eeqhujs.png\" title=\"LogoWebBlue\" alt=\"LogoWebBlue\" \/>\t\t\t\t\t\t\t\t\t\t\t<\/p>\n<h1>Politica de Cookies<br \/>\n<\/h1>\n<p style=\"font-size: 16px; margin-top: 0px; margin-bottom: 0px; color: #001430; line-height: 24px; font-family: Lato, sans-serif;\">\u00a0Cookies<\/p>\n<p style=\"font-size: 16px; margin-top: 0px; margin-bottom: 0px; color: #001430; line-height: 24px; font-family: Lato, sans-serif;\">\u00a0A CAPIL SOLUTIONS, SL utiliza cookies, a fim de otimizar e personalizar sua navega\u00e7\u00e3o pelo site. Cookies s\u00e3o arquivos de informa\u00e7\u00f5es f\u00edsicas alojados no pr\u00f3prio terminal do usu\u00e1rio, as informa\u00e7\u00f5es coletadas atrav\u00e9s de cookies servem para facilitar a navega\u00e7\u00e3o do usu\u00e1rio pelo portal e otimizar a experi\u00eancia de navega\u00e7\u00e3o. Os dados coletados por meio de cookies podem ser compartilhados com seus criadores, mas em nenhum caso as informa\u00e7\u00f5es obtidas por eles ser\u00e3o associadas a dados ou dados pessoais que podem identificar o usu\u00e1rio. No entanto, se o usu\u00e1rio n\u00e3o quiser que os cookies sejam instalados no disco r\u00edgido, ele tem a possibilidade de configurar o navegador de forma a impedir a instala\u00e7\u00e3o desses arquivos. Para mais informa\u00e7\u00f5es, consulte nossa Pol\u00edtica de Cookies\u00a0<a style=\"margin: 0px; padding: 0px; color: #007bff; background-color: transparent; transition: all 0.3s ease-out 0s;\" href=\"https:\/\/capilclinic.com\/es\/politica-de-cookies\/\">https:\/\/capilclinic.com\/es\/politica-de-cookies\/<\/a>.<\/p>\n<p style=\"font-size: 16px; margin-top: 0px; margin-bottom: 0px; color: #001430; line-height: 24px; font-family: Lato, sans-serif;\">Liga\u00e7\u00f5es<\/p>\n<p style=\"font-size: 16px; margin-top: 0px; margin-bottom: 0px; color: #001430; line-height: 24px; font-family: Lato, sans-serif;\">\u00a0A presen\u00e7a de links (links) no site da CAPIL SOLUTIONS, SL para outros sites da Internet \u00e9 apenas para fins informativos e, em nenhum caso, implica sugest\u00e3o, convite ou recomenda\u00e7\u00e3o sobre eles. A CAPIL SOLUTIONS, SL n\u00e3o se responsabiliza pelo conte\u00fado de um link pertencente a um site de terceiros, nem garante confiabilidade, precis\u00e3o, amplitude, veracidade, validade e disponibilidade t\u00e9cnica. Caso os links para o site da CAPIL SOLUTIONS, SL sejam estabelecidos em outros sites, n\u00e3o ser\u00e1 entendido que a CAPIL SOLUTIONS, SL autorizou o link ou o conte\u00fado do site em que o link est\u00e1 contido, nem pode incluir conte\u00fado inapropriado, difamat\u00f3rio, ilegal, obsceno ou ilegal na p\u00e1gina do link ou outro conte\u00fado que seja contr\u00e1rio \u00e0 legisla\u00e7\u00e3o atual. A CAPIL SOLUTIONS, SL reserva-se a possibilidade de entrar em contato com o propriet\u00e1rio do site onde o link \u00e9 estabelecido se considerar que os regulamentos foram violados, bem como exercer as correspondentes a\u00e7\u00f5es judiciais e extrajudiciais.<\/p>\n<p style=\"font-size: 16px; margin-top: 0px; margin-bottom: 0px; color: #001430; line-height: 24px; font-family: Lato, sans-serif;\">Modifica\u00e7\u00e3o das condi\u00e7\u00f5es<\/p>\n<p style=\"font-size: 16px; margin-top: 0px; margin-bottom: 0px; color: #001430; line-height: 24px; font-family: Lato, sans-serif;\">A CAPIL SOLUTIONS, SL reserva-se expressamente o direito de modificar unilateralmente, total ou parcialmente, sem aviso pr\u00e9vio, este Aviso Legal. O usu\u00e1rio reconhece e aceita que \u00e9 sua responsabilidade revisar periodicamente este Aviso Legal.<\/p>\n<p>\t\t\t\t\t\t\t<a target=\"_blank\" rel=\"noopener noreferrer\"><br \/>\n\t\t\t\t\tFacebook-f<br \/>\n\t\t\t\t\t\t\t\t\t<\/a><br \/>\n\t\t\t\t\t\t\t<a target=\"_blank\" rel=\"noopener noreferrer\"><br \/>\n\t\t\t\t\tTwitter<br \/>\n\t\t\t\t\t\t\t\t\t<\/a><br \/>\n\t\t\t\t\t\t\t<a target=\"_blank\" rel=\"noopener noreferrer\"><br \/>\n\t\t\t\t\tInstagram<br \/>\n\t\t\t\t\t\t\t\t\t<\/a><br \/>\n\t\t\t\t\t\t\t<a target=\"_blank\" rel=\"noopener noreferrer\"><br \/>\n\t\t\t\t\tPinterest<br \/>\n\t\t\t\t\t\t\t\t\t<\/a><\/p>\n","protected":false},"excerpt":{"rendered":"<p>Politica de Cookies \u00a0Cookies \u00a0A CAPIL SOLUTIONS, SL utiliza cookies, a fim de otimizar e personalizar sua navega\u00e7\u00e3o pelo site. Cookies s\u00e3o arquivos de informa\u00e7\u00f5es f\u00edsicas alojados no pr\u00f3prio terminal do usu\u00e1rio, as informa\u00e7\u00f5es coletadas atrav\u00e9s de cookies servem para facilitar a navega\u00e7\u00e3o do usu\u00e1rio pelo portal e otimizar a experi\u00eancia de navega\u00e7\u00e3o. Os dados [&hellip;]<\/p>\n","protected":false},"author":2,"featured_media":0,"parent":0,"menu_order":0,"comment_status":"closed","ping_status":"closed","template":"","meta":{"footnotes":""},"class_list":["post-744","page","type-page","status-publish"],"yoast_head":"<!-- This site is optimized with the Yoast SEO plugin v25.9 - https:\/\/yoast.com\/wordpress\/plugins\/seo\/ -->\n<title>Pol\u00edtica de cookies - MyCapil \u2714\ufe0f<\/title>\n<meta name=\"description\" content=\"En \u00e9ste art\u00edculo hablaremos de Pol\u00edtica de cookies . En la categor\u00eda de . Visita nuestro blog\" \/>\n<meta name=\"robots\" content=\"index, follow, max-snippet:-1, max-image-preview:large, max-video-preview:-1\" \/>\n<link rel=\"canonical\" href=\"https:\/\/mycapil.com\/pt-br\/politica-de-cookies\/\" \/>\n<meta property=\"og:locale\" content=\"pt_PT\" \/>\n<meta property=\"og:type\" content=\"article\" \/>\n<meta property=\"og:title\" content=\"Pol\u00edtica de cookies - MyCapil \u2714\ufe0f\" \/>\n<meta property=\"og:description\" content=\"En \u00e9ste art\u00edculo hablaremos de Pol\u00edtica de cookies . En la categor\u00eda de . Visita nuestro blog\" \/>\n<meta property=\"og:url\" content=\"https:\/\/mycapil.com\/pt-br\/politica-de-cookies\/\" \/>\n<meta property=\"og:site_name\" content=\"MyCapil\" \/>\n<meta property=\"article:modified_time\" content=\"2020-03-18T09:41:32+00:00\" \/>\n<meta property=\"og:image\" content=\"https:\/\/mycapil.com\/wp-content\/uploads\/elementor\/thumbs\/LogoWebBlue-omp05avkcp4wn56yv2oyv3culvtyf6yrun7eeqhujs.png\" \/>\n<meta name=\"twitter:card\" content=\"summary_large_image\" \/>\n<meta name=\"twitter:label1\" content=\"Est. reading time\" \/>\n\t<meta name=\"twitter:data1\" content=\"2 minutes\" \/>\n<script type=\"application\/ld+json\" class=\"yoast-schema-graph\">{\"@context\":\"https:\/\/schema.org\",\"@graph\":[{\"@type\":\"WebPage\",\"@id\":\"https:\/\/mycapil.com\/pt-br\/politica-de-cookies\/\",\"url\":\"https:\/\/mycapil.com\/pt-br\/politica-de-cookies\/\",\"name\":\"Pol\u00edtica de cookies - MyCapil \u2714\ufe0f\",\"isPartOf\":{\"@id\":\"https:\/\/mycapil.com\/pt-br\/#website\"},\"primaryImageOfPage\":{\"@id\":\"https:\/\/mycapil.com\/pt-br\/politica-de-cookies\/#primaryimage\"},\"image\":{\"@id\":\"https:\/\/mycapil.com\/pt-br\/politica-de-cookies\/#primaryimage\"},\"thumbnailUrl\":\"https:\/\/mycapil.com\/wp-content\/uploads\/elementor\/thumbs\/LogoWebBlue-omp05avkcp4wn56yv2oyv3culvtyf6yrun7eeqhujs.png\",\"datePublished\":\"2020-03-03T14:54:40+00:00\",\"dateModified\":\"2020-03-18T09:41:32+00:00\",\"description\":\"En \u00e9ste art\u00edculo hablaremos de Pol\u00edtica de cookies . En la categor\u00eda de . Visita nuestro blog\",\"breadcrumb\":{\"@id\":\"https:\/\/mycapil.com\/pt-br\/politica-de-cookies\/#breadcrumb\"},\"inLanguage\":\"pt\",\"potentialAction\":[{\"@type\":\"ReadAction\",\"target\":[\"https:\/\/mycapil.com\/pt-br\/politica-de-cookies\/\"]}]},{\"@type\":\"ImageObject\",\"inLanguage\":\"pt\",\"@id\":\"https:\/\/mycapil.com\/pt-br\/politica-de-cookies\/#primaryimage\",\"url\":\"https:\/\/mycapil.com\/wp-content\/uploads\/elementor\/thumbs\/LogoWebBlue-omp05avkcp4wn56yv2oyv3culvtyf6yrun7eeqhujs.png\",\"contentUrl\":\"https:\/\/mycapil.com\/wp-content\/uploads\/elementor\/thumbs\/LogoWebBlue-omp05avkcp4wn56yv2oyv3culvtyf6yrun7eeqhujs.png\"},{\"@type\":\"BreadcrumbList\",\"@id\":\"https:\/\/mycapil.com\/pt-br\/politica-de-cookies\/#breadcrumb\",\"itemListElement\":[{\"@type\":\"ListItem\",\"position\":1,\"name\":\"Home\",\"item\":\"https:\/\/mycapil.com\/pt-br\/\"},{\"@type\":\"ListItem\",\"position\":2,\"name\":\"Pol\u00edtica de cookies\"}]},{\"@type\":\"WebSite\",\"@id\":\"https:\/\/mycapil.com\/pt-br\/#website\",\"url\":\"https:\/\/mycapil.com\/pt-br\/\",\"name\":\"MyCapil\",\"description\":\"Alopecia, queda de cabelo, capilar\",\"publisher\":{\"@id\":\"https:\/\/mycapil.com\/pt-br\/#organization\"},\"potentialAction\":[{\"@type\":\"SearchAction\",\"target\":{\"@type\":\"EntryPoint\",\"urlTemplate\":\"https:\/\/mycapil.com\/pt-br\/?s={search_term_string}\"},\"query-input\":{\"@type\":\"PropertyValueSpecification\",\"valueRequired\":true,\"valueName\":\"search_term_string\"}}],\"inLanguage\":\"pt\"},{\"@type\":\"Organization\",\"@id\":\"https:\/\/mycapil.com\/pt-br\/#organization\",\"name\":\"MyCapil\",\"url\":\"https:\/\/mycapil.com\/pt-br\/\",\"logo\":{\"@type\":\"ImageObject\",\"inLanguage\":\"pt\",\"@id\":\"https:\/\/mycapil.com\/pt-br\/#\/schema\/logo\/image\/\",\"url\":\"https:\/\/mycapil.com\/wp-content\/uploads\/2020\/02\/Mycapil3.png\",\"contentUrl\":\"https:\/\/mycapil.com\/wp-content\/uploads\/2020\/02\/Mycapil3.png\",\"width\":339,\"height\":113,\"caption\":\"MyCapil\"},\"image\":{\"@id\":\"https:\/\/mycapil.com\/pt-br\/#\/schema\/logo\/image\/\"}}]}<\/script>\n<!-- \/ Yoast SEO plugin. -->","yoast_head_json":{"title":"Pol\u00edtica de cookies - MyCapil \u2714\ufe0f","description":"En \u00e9ste art\u00edculo hablaremos de Pol\u00edtica de cookies . En la categor\u00eda de . Visita nuestro blog","robots":{"index":"index","follow":"follow","max-snippet":"max-snippet:-1","max-image-preview":"max-image-preview:large","max-video-preview":"max-video-preview:-1"},"canonical":"https:\/\/mycapil.com\/pt-br\/politica-de-cookies\/","og_locale":"pt_PT","og_type":"article","og_title":"Pol\u00edtica de cookies - MyCapil \u2714\ufe0f","og_description":"En \u00e9ste art\u00edculo hablaremos de Pol\u00edtica de cookies . En la categor\u00eda de . Visita nuestro blog","og_url":"https:\/\/mycapil.com\/pt-br\/politica-de-cookies\/","og_site_name":"MyCapil","article_modified_time":"2020-03-18T09:41:32+00:00","og_image":[{"url":"https:\/\/mycapil.com\/wp-content\/uploads\/elementor\/thumbs\/LogoWebBlue-omp05avkcp4wn56yv2oyv3culvtyf6yrun7eeqhujs.png","type":"","width":"","height":""}],"twitter_card":"summary_large_image","twitter_misc":{"Est. reading time":"2 minutes"},"schema":{"@context":"https:\/\/schema.org","@graph":[{"@type":"WebPage","@id":"https:\/\/mycapil.com\/pt-br\/politica-de-cookies\/","url":"https:\/\/mycapil.com\/pt-br\/politica-de-cookies\/","name":"Pol\u00edtica de cookies - MyCapil \u2714\ufe0f","isPartOf":{"@id":"https:\/\/mycapil.com\/pt-br\/#website"},"primaryImageOfPage":{"@id":"https:\/\/mycapil.com\/pt-br\/politica-de-cookies\/#primaryimage"},"image":{"@id":"https:\/\/mycapil.com\/pt-br\/politica-de-cookies\/#primaryimage"},"thumbnailUrl":"https:\/\/mycapil.com\/wp-content\/uploads\/elementor\/thumbs\/LogoWebBlue-omp05avkcp4wn56yv2oyv3culvtyf6yrun7eeqhujs.png","datePublished":"2020-03-03T14:54:40+00:00","dateModified":"2020-03-18T09:41:32+00:00","description":"En \u00e9ste art\u00edculo hablaremos de Pol\u00edtica de cookies . En la categor\u00eda de . Visita nuestro blog","breadcrumb":{"@id":"https:\/\/mycapil.com\/pt-br\/politica-de-cookies\/#breadcrumb"},"inLanguage":"pt","potentialAction":[{"@type":"ReadAction","target":["https:\/\/mycapil.com\/pt-br\/politica-de-cookies\/"]}]},{"@type":"ImageObject","inLanguage":"pt","@id":"https:\/\/mycapil.com\/pt-br\/politica-de-cookies\/#primaryimage","url":"https:\/\/mycapil.com\/wp-content\/uploads\/elementor\/thumbs\/LogoWebBlue-omp05avkcp4wn56yv2oyv3culvtyf6yrun7eeqhujs.png","contentUrl":"https:\/\/mycapil.com\/wp-content\/uploads\/elementor\/thumbs\/LogoWebBlue-omp05avkcp4wn56yv2oyv3culvtyf6yrun7eeqhujs.png"},{"@type":"BreadcrumbList","@id":"https:\/\/mycapil.com\/pt-br\/politica-de-cookies\/#breadcrumb","itemListElement":[{"@type":"ListItem","position":1,"name":"Home","item":"https:\/\/mycapil.com\/pt-br\/"},{"@type":"ListItem","position":2,"name":"Pol\u00edtica de cookies"}]},{"@type":"WebSite","@id":"https:\/\/mycapil.com\/pt-br\/#website","url":"https:\/\/mycapil.com\/pt-br\/","name":"MyCapil","description":"Alopecia, queda de cabelo, capilar","publisher":{"@id":"https:\/\/mycapil.com\/pt-br\/#organization"},"potentialAction":[{"@type":"SearchAction","target":{"@type":"EntryPoint","urlTemplate":"https:\/\/mycapil.com\/pt-br\/?s={search_term_string}"},"query-input":{"@type":"PropertyValueSpecification","valueRequired":true,"valueName":"search_term_string"}}],"inLanguage":"pt"},{"@type":"Organization","@id":"https:\/\/mycapil.com\/pt-br\/#organization","name":"MyCapil","url":"https:\/\/mycapil.com\/pt-br\/","logo":{"@type":"ImageObject","inLanguage":"pt","@id":"https:\/\/mycapil.com\/pt-br\/#\/schema\/logo\/image\/","url":"https:\/\/mycapil.com\/wp-content\/uploads\/2020\/02\/Mycapil3.png","contentUrl":"https:\/\/mycapil.com\/wp-content\/uploads\/2020\/02\/Mycapil3.png","width":339,"height":113,"caption":"MyCapil"},"image":{"@id":"https:\/\/mycapil.com\/pt-br\/#\/schema\/logo\/image\/"}}]}},"_links":{"self":[{"href":"https:\/\/mycapil.com\/pt-br\/wp-json\/wp\/v2\/pages\/744","targetHints":{"allow":["GET"]}}],"collection":[{"href":"https:\/\/mycapil.com\/pt-br\/wp-json\/wp\/v2\/pages"}],"about":[{"href":"https:\/\/mycapil.com\/pt-br\/wp-json\/wp\/v2\/types\/page"}],"author":[{"embeddable":true,"href":"https:\/\/mycapil.com\/pt-br\/wp-json\/wp\/v2\/users\/2"}],"replies":[{"embeddable":true,"href":"https:\/\/mycapil.com\/pt-br\/wp-json\/wp\/v2\/comments?post=744"}],"version-history":[{"count":3,"href":"https:\/\/mycapil.com\/pt-br\/wp-json\/wp\/v2\/pages\/744\/revisions"}],"predecessor-version":[{"id":1476,"href":"https:\/\/mycapil.com\/pt-br\/wp-json\/wp\/v2\/pages\/744\/revisions\/1476"}],"wp:attachment":[{"href":"https:\/\/mycapil.com\/pt-br\/wp-json\/wp\/v2\/media?parent=744"}],"curies":[{"name":"wp","href":"https:\/\/api.w.org\/{rel}","templated":true}]}}